{"id":1339,"date":"2023-05-22T12:13:22","date_gmt":"2023-05-22T10:13:22","guid":{"rendered":"https:\/\/www.giovanniepaolo.it\/tariffe-prenotazioni\/"},"modified":"2025-12-02T11:23:01","modified_gmt":"2025-12-02T10:23:01","slug":"preise-buchungen","status":"publish","type":"page","link":"http:\/\/giovanniepaolo.it\/de\/preise-buchungen\/","title":{"rendered":"BUCHUNGEN"},"content":{"rendered":"\t\t<div data-elementor-type=\"wp-page\" data-elementor-id=\"1339\" class=\"elementor elementor-1339\" data-elementor-post-type=\"page\">\n\t\t\t\t\t\t<section class=\"elementor-section elementor-top-section elementor-element elementor-element-d61d89d elementor-section-full_width elementor-section-height-default elementor-section-height-default\" data-id=\"d61d89d\" data-element_type=\"section\" data-settings=\"{&quot;background_background&quot;:&quot;classic&quot;}\">\n\t\t\t\t\t\t<div class=\"elementor-container elementor-column-gap-default\">\n\t\t\t\t\t<div class=\"elementor-column elementor-col-100 elementor-top-column elementor-element elementor-element-83c6b63\" data-id=\"83c6b63\" data-element_type=\"column\" data-settings=\"{&quot;background_background&quot;:&quot;classic&quot;}\">\n\t\t\t<div class=\"elementor-widget-wrap elementor-element-populated\">\n\t\t\t\t\t\t<div class=\"elementor-element elementor-element-d539339 elementor-widget elementor-widget-image\" data-id=\"d539339\" data-element_type=\"widget\" data-widget_type=\"image.default\">\n\t\t\t\t<div class=\"elementor-widget-container\">\n\t\t\t\t\t\t\t\t\t\t\t\t\t\t\t<img fetchpriority=\"high\" decoding=\"async\" width=\"2000\" height=\"1333\" src=\"http:\/\/giovanniepaolo.it\/wp-content\/uploads\/2023\/05\/locanda-ss-giovanni-e-paolo.jpg\" class=\"attachment-full size-full wp-image-945\" alt=\"\" srcset=\"http:\/\/giovanniepaolo.it\/wp-content\/uploads\/2023\/05\/locanda-ss-giovanni-e-paolo.jpg 2000w, http:\/\/giovanniepaolo.it\/wp-content\/uploads\/2023\/05\/locanda-ss-giovanni-e-paolo-300x200.jpg 300w, http:\/\/giovanniepaolo.it\/wp-content\/uploads\/2023\/05\/locanda-ss-giovanni-e-paolo-1024x682.jpg 1024w, http:\/\/giovanniepaolo.it\/wp-content\/uploads\/2023\/05\/locanda-ss-giovanni-e-paolo-768x512.jpg 768w, http:\/\/giovanniepaolo.it\/wp-content\/uploads\/2023\/05\/locanda-ss-giovanni-e-paolo-1536x1024.jpg 1536w\" sizes=\"(max-width: 2000px) 100vw, 2000px\" \/>\t\t\t\t\t\t\t\t\t\t\t\t\t\t\t<\/div>\n\t\t\t\t<\/div>\n\t\t\t\t<section class=\"elementor-section elementor-inner-section elementor-element elementor-element-68027fb elementor-section-boxed elementor-section-height-default elementor-section-height-default\" data-id=\"68027fb\" data-element_type=\"section\" data-settings=\"{&quot;background_background&quot;:&quot;classic&quot;}\">\n\t\t\t\t\t\t\t<div class=\"elementor-background-overlay\"><\/div>\n\t\t\t\t\t\t\t<div class=\"elementor-container elementor-column-gap-default\">\n\t\t\t\t\t<div class=\"elementor-column elementor-col-100 elementor-inner-column elementor-element elementor-element-d9d4aa8\" data-id=\"d9d4aa8\" data-element_type=\"column\" data-settings=\"{&quot;background_background&quot;:&quot;classic&quot;}\">\n\t\t\t<div class=\"elementor-widget-wrap elementor-element-populated\">\n\t\t\t\t\t<div class=\"elementor-background-overlay\"><\/div>\n\t\t\t\t\t\t<div class=\"elementor-element elementor-element-09f9b80 elementor-widget elementor-widget-text-editor\" data-id=\"09f9b80\" data-element_type=\"widget\" data-widget_type=\"text-editor.default\">\n\t\t\t\t<div class=\"elementor-widget-container\">\n\t\t\t\t\t\t\t\t\t<p>PREISE &amp; BUCHUNGEN<\/p>\t\t\t\t\t\t\t\t<\/div>\n\t\t\t\t<\/div>\n\t\t\t\t<div class=\"elementor-element elementor-element-f7a6bf8 elementor-widget elementor-widget-text-editor\" data-id=\"f7a6bf8\" data-element_type=\"widget\" data-widget_type=\"text-editor.default\">\n\t\t\t\t<div class=\"elementor-widget-container\">\n\t\t\t\t\t\t\t\t\tALLOGGI SS GIOVANNI E PAOLO\t\t\t\t\t\t\t\t<\/div>\n\t\t\t\t<\/div>\n\t\t\t\t\t<\/div>\n\t\t<\/div>\n\t\t\t\t\t<\/div>\n\t\t<\/section>\n\t\t\t\t\t<\/div>\n\t\t<\/div>\n\t\t\t\t\t<\/div>\n\t\t<\/section>\n\t\t\t\t<section class=\"elementor-section elementor-top-section elementor-element elementor-element-e544399 elementor-section-boxed elementor-section-height-default elementor-section-height-default\" data-id=\"e544399\" data-element_type=\"section\" data-settings=\"{&quot;background_background&quot;:&quot;classic&quot;}\">\n\t\t\t\t\t\t\t<div class=\"elementor-background-overlay\"><\/div>\n\t\t\t\t\t\t\t<div class=\"elementor-container elementor-column-gap-default\">\n\t\t\t\t\t<div class=\"elementor-column elementor-col-100 elementor-top-column elementor-element elementor-element-f035824\" data-id=\"f035824\" data-element_type=\"column\">\n\t\t\t<div class=\"elementor-widget-wrap elementor-element-populated\">\n\t\t\t\t\t\t<div class=\"elementor-element elementor-element-4597ae6 elementor-widget elementor-widget-text-editor\" data-id=\"4597ae6\" data-element_type=\"widget\" data-widget_type=\"text-editor.default\">\n\t\t\t\t<div class=\"elementor-widget-container\">\n\t\t\t\t\t\t\t\t\t<p>In diesem Abschnitt k\u00f6nnen Sie Ihre Unterkunft zum besten Preis bei uns buchen und dabei bis zu 20 % im Vergleich zu den Preisen sparen, die von Buchungsseiten Dritter verlangt werden.<\/p><p><u><b>Check-in<\/b><\/u>: 15:00\u201319:00 Uhr.<\/p><p>F\u00fcr eine sp\u00e4te Anreise zwischen 19:00 und 21:00 Uhr wird ein Aufpreis von 25 \u20ac erhoben.\u00a0<\/p><p>Alle Anfragen bez\u00fcglich einer sp\u00e4ten Anreise m\u00fcssen von unserer Unterkunft best\u00e4tigt werden.\u00a0<\/p><p>Ein Check-in nach 21:00 Uhr ist auch gegen Aufpreis nicht m\u00f6glich, da wir keinen Nachtportier haben.<\/p>\t\t\t\t\t\t\t\t<\/div>\n\t\t\t\t<\/div>\n\t\t\t\t<div class=\"elementor-element elementor-element-986ad1b elementor-widget elementor-widget-text-editor\" data-id=\"986ad1b\" data-element_type=\"widget\" data-widget_type=\"text-editor.default\">\n\t\t\t\t<div class=\"elementor-widget-container\">\n\t\t\t\t\t\t\t\t\t<p>Nach der Buchung erhalten Sie einen Zahlungslink, der Sie zu einer sicheren Zahlungsplattform weiterleitet. Die Buchung wird von unserer Unterkunft erst dann endg\u00fcltig best\u00e4tigt, wenn Sie den Buchungspreis bezahlt haben, was innerhalb von 24 Stunden nach Erhalt des Links erfolgen muss. Bei Buchungen am selben Tag ist die Zahlung sofort nach Versenden des Links f\u00e4llig.<\/p><p>Nachfolgend k\u00f6nnen Sie Ihren Aufenthalt ausw\u00e4hlen, indem Sie alle Daten in das Buchungsformular eingeben.<\/p><p>Wenn Sie auf unserer Website kein passendes Angebot finden, empfehlen wir Ihnen, die Vorschl\u00e4ge auf <a href=\"http:\/\/www.booking-venice.com\">www.booking-venice.com<\/a> zu pr\u00fcfen.<\/p>\t\t\t\t\t\t\t\t<\/div>\n\t\t\t\t<\/div>\n\t\t\t\t\t<\/div>\n\t\t<\/div>\n\t\t\t\t\t<\/div>\n\t\t<\/section>\n\t\t\t\t<section class=\"elementor-section elementor-top-section elementor-element elementor-element-12de2d6 elementor-section-boxed elementor-section-height-default elementor-section-height-default\" data-id=\"12de2d6\" data-element_type=\"section\">\n\t\t\t\t\t\t<div class=\"elementor-container elementor-column-gap-default\">\n\t\t\t\t\t<div class=\"elementor-column elementor-col-100 elementor-top-column elementor-element elementor-element-074bce4\" data-id=\"074bce4\" data-element_type=\"column\">\n\t\t\t<div class=\"elementor-widget-wrap elementor-element-populated\">\n\t\t\t\t\t\t<div class=\"elementor-element elementor-element-f3707e6 elementor-widget elementor-widget-html\" data-id=\"f3707e6\" data-element_type=\"widget\" data-widget_type=\"html.default\">\n\t\t\t\t<div class=\"elementor-widget-container\">\n\t\t\t\t\t<link href=\"https:\/\/cdn.ciaobooking.com\/widget\/css\/app.css\" rel=\"stylesheet\"\/> <ciaobooking-widget property-id=\"146342\" host=\"https:\/\/giovanniepaolo.bookpage.io\" radius=\"3px\" with-children=\"false\" primary-color=\"#B69F92C7\" new-page=\"true\" expanded-occupation=\"false\" with-shadow=\"true\" alternative-submit=\"true\" is-dropdown=\"false\" font-family=\"Montserrat\" with-destinations=\"false\" booking-network-id=\"1309\" ><\/ciaobooking-widget> <script src=\"https:\/\/cdn.ciaobooking.com\/widget\/js\/app.js\"><\/script>\t\t\t\t<\/div>\n\t\t\t\t<\/div>\n\t\t\t\t\t<\/div>\n\t\t<\/div>\n\t\t\t\t\t<\/div>\n\t\t<\/section>\n\t\t\t\t<\/div>\n\t\t","protected":false},"excerpt":{"rendered":"<p>PREISE &amp; BUCHUNGEN ALLOGGI SS GIOVANNI E PAOLO In diesem Abschnitt k\u00f6nnen Sie Ihre Unterkunft zum besten Preis bei uns buchen und dabei bis zu 20 % im Vergleich zu den Preisen sparen, die von Buchungsseiten Dritter verlangt werden. Check-in: 15:00\u201319:00 Uhr. F\u00fcr eine sp\u00e4te Anreise zwischen 19:00 und 21:00 Uhr wird ein Aufpreis von [&hellip;]<\/p>\n","protected":false},"author":1,"featured_media":0,"parent":0,"menu_order":0,"comment_status":"closed","ping_status":"closed","template":"","meta":{"inline_featured_image":false,"footnotes":""},"class_list":["post-1339","page","type-page","status-publish","hentry"],"yoast_head":"<!-- This site is optimized with the Yoast SEO plugin v25.0 - https:\/\/yoast.com\/wordpress\/plugins\/seo\/ -->\n<title>BUCHUNGEN - ALLOGGI SS GIOVANNI E PAOLO<\/title>\n<meta name=\"robots\" content=\"index, follow, max-snippet:-1, max-image-preview:large, max-video-preview:-1\" \/>\n<link rel=\"canonical\" href=\"http:\/\/giovanniepaolo.it\/de\/preise-buchungen\/\" \/>\n<meta property=\"og:locale\" content=\"de_DE\" \/>\n<meta property=\"og:type\" content=\"article\" \/>\n<meta property=\"og:title\" content=\"BUCHUNGEN - ALLOGGI SS GIOVANNI E PAOLO\" \/>\n<meta property=\"og:description\" content=\"PREISE &amp; BUCHUNGEN ALLOGGI SS GIOVANNI E PAOLO In diesem Abschnitt k\u00f6nnen Sie Ihre Unterkunft zum besten Preis bei uns buchen und dabei bis zu 20 % im Vergleich zu den Preisen sparen, die von Buchungsseiten Dritter verlangt werden. Check-in: 15:00\u201319:00 Uhr. F\u00fcr eine sp\u00e4te Anreise zwischen 19:00 und 21:00 Uhr wird ein Aufpreis von [&hellip;]\" \/>\n<meta property=\"og:url\" content=\"http:\/\/giovanniepaolo.it\/de\/preise-buchungen\/\" \/>\n<meta property=\"og:site_name\" content=\"ALLOGGI SS GIOVANNI E PAOLO\" \/>\n<meta property=\"article:modified_time\" content=\"2025-12-02T10:23:01+00:00\" \/>\n<meta property=\"og:image\" content=\"http:\/\/giovanniepaolo.it\/wp-content\/uploads\/2023\/05\/locanda-ss-giovanni-e-paolo.jpg\" \/>\n<meta name=\"twitter:card\" content=\"summary_large_image\" \/>\n<meta name=\"twitter:label1\" content=\"Gesch\u00e4tzte Lesezeit\" \/>\n\t<meta name=\"twitter:data1\" content=\"2\u00a0Minuten\" \/>\n<script type=\"application\/ld+json\" class=\"yoast-schema-graph\">{\"@context\":\"https:\/\/schema.org\",\"@graph\":[{\"@type\":\"WebPage\",\"@id\":\"http:\/\/giovanniepaolo.it\/de\/preise-buchungen\/\",\"url\":\"http:\/\/giovanniepaolo.it\/de\/preise-buchungen\/\",\"name\":\"BUCHUNGEN - ALLOGGI SS GIOVANNI E PAOLO\",\"isPartOf\":{\"@id\":\"https:\/\/giovanniepaolo.it\/en\/#website\"},\"primaryImageOfPage\":{\"@id\":\"http:\/\/giovanniepaolo.it\/de\/preise-buchungen\/#primaryimage\"},\"image\":{\"@id\":\"http:\/\/giovanniepaolo.it\/de\/preise-buchungen\/#primaryimage\"},\"thumbnailUrl\":\"http:\/\/giovanniepaolo.it\/wp-content\/uploads\/2023\/05\/locanda-ss-giovanni-e-paolo.jpg\",\"datePublished\":\"2023-05-22T10:13:22+00:00\",\"dateModified\":\"2025-12-02T10:23:01+00:00\",\"breadcrumb\":{\"@id\":\"http:\/\/giovanniepaolo.it\/de\/preise-buchungen\/#breadcrumb\"},\"inLanguage\":\"de\",\"potentialAction\":[{\"@type\":\"ReadAction\",\"target\":[\"http:\/\/giovanniepaolo.it\/de\/preise-buchungen\/\"]}]},{\"@type\":\"ImageObject\",\"inLanguage\":\"de\",\"@id\":\"http:\/\/giovanniepaolo.it\/de\/preise-buchungen\/#primaryimage\",\"url\":\"http:\/\/giovanniepaolo.it\/wp-content\/uploads\/2023\/05\/locanda-ss-giovanni-e-paolo.jpg\",\"contentUrl\":\"http:\/\/giovanniepaolo.it\/wp-content\/uploads\/2023\/05\/locanda-ss-giovanni-e-paolo.jpg\"},{\"@type\":\"BreadcrumbList\",\"@id\":\"http:\/\/giovanniepaolo.it\/de\/preise-buchungen\/#breadcrumb\",\"itemListElement\":[{\"@type\":\"ListItem\",\"position\":1,\"name\":\"Home\",\"item\":\"https:\/\/giovanniepaolo.it\/de\/\"},{\"@type\":\"ListItem\",\"position\":2,\"name\":\"BUCHUNGEN\"}]},{\"@type\":\"WebSite\",\"@id\":\"https:\/\/giovanniepaolo.it\/en\/#website\",\"url\":\"https:\/\/giovanniepaolo.it\/en\/\",\"name\":\"ALLOGGI SS GIOVANNI E PAOLO\",\"description\":\"Private rooms in Venice\",\"publisher\":{\"@id\":\"https:\/\/giovanniepaolo.it\/en\/#organization\"},\"potentialAction\":[{\"@type\":\"SearchAction\",\"target\":{\"@type\":\"EntryPoint\",\"urlTemplate\":\"https:\/\/giovanniepaolo.it\/en\/?s={search_term_string}\"},\"query-input\":{\"@type\":\"PropertyValueSpecification\",\"valueRequired\":true,\"valueName\":\"search_term_string\"}}],\"inLanguage\":\"de\"},{\"@type\":\"Organization\",\"@id\":\"https:\/\/giovanniepaolo.it\/en\/#organization\",\"name\":\"ALLOGGI SS GIOVANNI E PAOLO\",\"url\":\"https:\/\/giovanniepaolo.it\/en\/\",\"logo\":{\"@type\":\"ImageObject\",\"inLanguage\":\"de\",\"@id\":\"https:\/\/giovanniepaolo.it\/en\/#\/schema\/logo\/image\/\",\"url\":\"https:\/\/giovanniepaolo.it\/wp-content\/uploads\/2023\/10\/Icon.png\",\"contentUrl\":\"https:\/\/giovanniepaolo.it\/wp-content\/uploads\/2023\/10\/Icon.png\",\"width\":441,\"height\":149,\"caption\":\"ALLOGGI SS GIOVANNI E PAOLO\"},\"image\":{\"@id\":\"https:\/\/giovanniepaolo.it\/en\/#\/schema\/logo\/image\/\"}}]}<\/script>\n<!-- \/ Yoast SEO plugin. -->","yoast_head_json":{"title":"BUCHUNGEN - ALLOGGI SS GIOVANNI E PAOLO","robots":{"index":"index","follow":"follow","max-snippet":"max-snippet:-1","max-image-preview":"max-image-preview:large","max-video-preview":"max-video-preview:-1"},"canonical":"http:\/\/giovanniepaolo.it\/de\/preise-buchungen\/","og_locale":"de_DE","og_type":"article","og_title":"BUCHUNGEN - ALLOGGI SS GIOVANNI E PAOLO","og_description":"PREISE &amp; BUCHUNGEN ALLOGGI SS GIOVANNI E PAOLO In diesem Abschnitt k\u00f6nnen Sie Ihre Unterkunft zum besten Preis bei uns buchen und dabei bis zu 20 % im Vergleich zu den Preisen sparen, die von Buchungsseiten Dritter verlangt werden. Check-in: 15:00\u201319:00 Uhr. F\u00fcr eine sp\u00e4te Anreise zwischen 19:00 und 21:00 Uhr wird ein Aufpreis von [&hellip;]","og_url":"http:\/\/giovanniepaolo.it\/de\/preise-buchungen\/","og_site_name":"ALLOGGI SS GIOVANNI E PAOLO","article_modified_time":"2025-12-02T10:23:01+00:00","og_image":[{"url":"http:\/\/giovanniepaolo.it\/wp-content\/uploads\/2023\/05\/locanda-ss-giovanni-e-paolo.jpg","type":"","width":"","height":""}],"twitter_card":"summary_large_image","twitter_misc":{"Gesch\u00e4tzte Lesezeit":"2\u00a0Minuten"},"schema":{"@context":"https:\/\/schema.org","@graph":[{"@type":"WebPage","@id":"http:\/\/giovanniepaolo.it\/de\/preise-buchungen\/","url":"http:\/\/giovanniepaolo.it\/de\/preise-buchungen\/","name":"BUCHUNGEN - ALLOGGI SS GIOVANNI E PAOLO","isPartOf":{"@id":"https:\/\/giovanniepaolo.it\/en\/#website"},"primaryImageOfPage":{"@id":"http:\/\/giovanniepaolo.it\/de\/preise-buchungen\/#primaryimage"},"image":{"@id":"http:\/\/giovanniepaolo.it\/de\/preise-buchungen\/#primaryimage"},"thumbnailUrl":"http:\/\/giovanniepaolo.it\/wp-content\/uploads\/2023\/05\/locanda-ss-giovanni-e-paolo.jpg","datePublished":"2023-05-22T10:13:22+00:00","dateModified":"2025-12-02T10:23:01+00:00","breadcrumb":{"@id":"http:\/\/giovanniepaolo.it\/de\/preise-buchungen\/#breadcrumb"},"inLanguage":"de","potentialAction":[{"@type":"ReadAction","target":["http:\/\/giovanniepaolo.it\/de\/preise-buchungen\/"]}]},{"@type":"ImageObject","inLanguage":"de","@id":"http:\/\/giovanniepaolo.it\/de\/preise-buchungen\/#primaryimage","url":"http:\/\/giovanniepaolo.it\/wp-content\/uploads\/2023\/05\/locanda-ss-giovanni-e-paolo.jpg","contentUrl":"http:\/\/giovanniepaolo.it\/wp-content\/uploads\/2023\/05\/locanda-ss-giovanni-e-paolo.jpg"},{"@type":"BreadcrumbList","@id":"http:\/\/giovanniepaolo.it\/de\/preise-buchungen\/#breadcrumb","itemListElement":[{"@type":"ListItem","position":1,"name":"Home","item":"https:\/\/giovanniepaolo.it\/de\/"},{"@type":"ListItem","position":2,"name":"BUCHUNGEN"}]},{"@type":"WebSite","@id":"https:\/\/giovanniepaolo.it\/en\/#website","url":"https:\/\/giovanniepaolo.it\/en\/","name":"ALLOGGI SS GIOVANNI E PAOLO","description":"Private rooms in Venice","publisher":{"@id":"https:\/\/giovanniepaolo.it\/en\/#organization"},"potentialAction":[{"@type":"SearchAction","target":{"@type":"EntryPoint","urlTemplate":"https:\/\/giovanniepaolo.it\/en\/?s={search_term_string}"},"query-input":{"@type":"PropertyValueSpecification","valueRequired":true,"valueName":"search_term_string"}}],"inLanguage":"de"},{"@type":"Organization","@id":"https:\/\/giovanniepaolo.it\/en\/#organization","name":"ALLOGGI SS GIOVANNI E PAOLO","url":"https:\/\/giovanniepaolo.it\/en\/","logo":{"@type":"ImageObject","inLanguage":"de","@id":"https:\/\/giovanniepaolo.it\/en\/#\/schema\/logo\/image\/","url":"https:\/\/giovanniepaolo.it\/wp-content\/uploads\/2023\/10\/Icon.png","contentUrl":"https:\/\/giovanniepaolo.it\/wp-content\/uploads\/2023\/10\/Icon.png","width":441,"height":149,"caption":"ALLOGGI SS GIOVANNI E PAOLO"},"image":{"@id":"https:\/\/giovanniepaolo.it\/en\/#\/schema\/logo\/image\/"}}]}},"_links":{"self":[{"href":"http:\/\/giovanniepaolo.it\/de\/wp-json\/wp\/v2\/pages\/1339","targetHints":{"allow":["GET"]}}],"collection":[{"href":"http:\/\/giovanniepaolo.it\/de\/wp-json\/wp\/v2\/pages"}],"about":[{"href":"http:\/\/giovanniepaolo.it\/de\/wp-json\/wp\/v2\/types\/page"}],"author":[{"embeddable":true,"href":"http:\/\/giovanniepaolo.it\/de\/wp-json\/wp\/v2\/users\/1"}],"replies":[{"embeddable":true,"href":"http:\/\/giovanniepaolo.it\/de\/wp-json\/wp\/v2\/comments?post=1339"}],"version-history":[{"count":26,"href":"http:\/\/giovanniepaolo.it\/de\/wp-json\/wp\/v2\/pages\/1339\/revisions"}],"predecessor-version":[{"id":3848,"href":"http:\/\/giovanniepaolo.it\/de\/wp-json\/wp\/v2\/pages\/1339\/revisions\/3848"}],"wp:attachment":[{"href":"http:\/\/giovanniepaolo.it\/de\/wp-json\/wp\/v2\/media?parent=1339"}],"curies":[{"name":"wp","href":"https:\/\/api.w.org\/{rel}","templated":true}]}}