{"id":1320,"date":"2023-05-22T12:50:07","date_gmt":"2023-05-22T10:50:07","guid":{"rendered":"https:\/\/www.giovanniepaolo.it\/contatti\/"},"modified":"2025-12-02T14:55:17","modified_gmt":"2025-12-02T13:55:17","slug":"contacto","status":"publish","type":"page","link":"http:\/\/giovanniepaolo.it\/es\/contacto\/","title":{"rendered":"CONTACTO"},"content":{"rendered":"\t\t<div data-elementor-type=\"wp-page\" data-elementor-id=\"1320\" class=\"elementor elementor-1320\" data-elementor-post-type=\"page\">\n\t\t\t\t\t\t<section class=\"elementor-section elementor-top-section elementor-element elementor-element-b7657f1 elementor-section-full_width elementor-section-height-default elementor-section-height-default\" data-id=\"b7657f1\" data-element_type=\"section\" data-settings=\"{&quot;background_background&quot;:&quot;classic&quot;}\">\n\t\t\t\t\t\t<div class=\"elementor-container elementor-column-gap-default\">\n\t\t\t\t\t<div class=\"elementor-column elementor-col-100 elementor-top-column elementor-element elementor-element-2b88bba\" data-id=\"2b88bba\" data-element_type=\"column\" data-settings=\"{&quot;background_background&quot;:&quot;classic&quot;}\">\n\t\t\t<div class=\"elementor-widget-wrap elementor-element-populated\">\n\t\t\t\t\t\t<div class=\"elementor-element elementor-element-203a793 elementor-widget elementor-widget-image\" data-id=\"203a793\" data-element_type=\"widget\" data-widget_type=\"image.default\">\n\t\t\t\t<div class=\"elementor-widget-container\">\n\t\t\t\t\t\t\t\t\t\t\t\t\t\t\t<img fetchpriority=\"high\" decoding=\"async\" width=\"2000\" height=\"1333\" src=\"http:\/\/giovanniepaolo.it\/wp-content\/uploads\/2023\/05\/locanda-ss-giovanni-e-paolo.jpg\" class=\"attachment-full size-full wp-image-946\" alt=\"\" srcset=\"http:\/\/giovanniepaolo.it\/wp-content\/uploads\/2023\/05\/locanda-ss-giovanni-e-paolo.jpg 2000w, http:\/\/giovanniepaolo.it\/wp-content\/uploads\/2023\/05\/locanda-ss-giovanni-e-paolo-300x200.jpg 300w, http:\/\/giovanniepaolo.it\/wp-content\/uploads\/2023\/05\/locanda-ss-giovanni-e-paolo-1024x682.jpg 1024w, http:\/\/giovanniepaolo.it\/wp-content\/uploads\/2023\/05\/locanda-ss-giovanni-e-paolo-768x512.jpg 768w, http:\/\/giovanniepaolo.it\/wp-content\/uploads\/2023\/05\/locanda-ss-giovanni-e-paolo-1536x1024.jpg 1536w\" sizes=\"(max-width: 2000px) 100vw, 2000px\" \/>\t\t\t\t\t\t\t\t\t\t\t\t\t\t\t<\/div>\n\t\t\t\t<\/div>\n\t\t\t\t<section class=\"elementor-section elementor-inner-section elementor-element elementor-element-5f9c77b elementor-section-boxed elementor-section-height-default elementor-section-height-default\" data-id=\"5f9c77b\" data-element_type=\"section\" data-settings=\"{&quot;background_background&quot;:&quot;classic&quot;}\">\n\t\t\t\t\t\t\t<div class=\"elementor-background-overlay\"><\/div>\n\t\t\t\t\t\t\t<div class=\"elementor-container elementor-column-gap-default\">\n\t\t\t\t\t<div class=\"elementor-column elementor-col-100 elementor-inner-column elementor-element elementor-element-e1a3cbe\" data-id=\"e1a3cbe\" data-element_type=\"column\" data-settings=\"{&quot;background_background&quot;:&quot;classic&quot;}\">\n\t\t\t<div class=\"elementor-widget-wrap elementor-element-populated\">\n\t\t\t\t\t<div class=\"elementor-background-overlay\"><\/div>\n\t\t\t\t\t\t<div class=\"elementor-element elementor-element-5fee450 elementor-widget elementor-widget-text-editor\" data-id=\"5fee450\" data-element_type=\"widget\" data-widget_type=\"text-editor.default\">\n\t\t\t\t<div class=\"elementor-widget-container\">\n\t\t\t\t\t\t\t\t\t<p>CONTACTO<\/p>\t\t\t\t\t\t\t\t<\/div>\n\t\t\t\t<\/div>\n\t\t\t\t<div class=\"elementor-element elementor-element-49b7ead elementor-widget elementor-widget-text-editor\" data-id=\"49b7ead\" data-element_type=\"widget\" data-widget_type=\"text-editor.default\">\n\t\t\t\t<div class=\"elementor-widget-container\">\n\t\t\t\t\t\t\t\t\tALLOGGI SS GIOVANNI E PAOLO\t\t\t\t\t\t\t\t<\/div>\n\t\t\t\t<\/div>\n\t\t\t\t\t<\/div>\n\t\t<\/div>\n\t\t\t\t\t<\/div>\n\t\t<\/section>\n\t\t\t\t\t<\/div>\n\t\t<\/div>\n\t\t\t\t\t<\/div>\n\t\t<\/section>\n\t\t\t\t<section class=\"elementor-section elementor-top-section elementor-element elementor-element-e544399 elementor-section-boxed elementor-section-height-default elementor-section-height-default\" data-id=\"e544399\" data-element_type=\"section\" id=\"formbox\" data-settings=\"{&quot;background_background&quot;:&quot;classic&quot;}\">\n\t\t\t\t\t\t\t<div class=\"elementor-background-overlay\"><\/div>\n\t\t\t\t\t\t\t<div class=\"elementor-container elementor-column-gap-default\">\n\t\t\t\t\t<div class=\"elementor-column elementor-col-100 elementor-top-column elementor-element elementor-element-f035824\" data-id=\"f035824\" data-element_type=\"column\">\n\t\t\t<div class=\"elementor-widget-wrap elementor-element-populated\">\n\t\t\t\t\t\t<div class=\"elementor-element elementor-element-015f0f7 elementor-widget elementor-widget-text-editor\" data-id=\"015f0f7\" data-element_type=\"widget\" data-widget_type=\"text-editor.default\">\n\t\t\t\t<div class=\"elementor-widget-container\">\n\t\t\t\t\t\t\t\t\t<p>ESCR\u00cdBENOS<\/p>\t\t\t\t\t\t\t\t<\/div>\n\t\t\t\t<\/div>\n\t\t\t\t<div class=\"elementor-element elementor-element-4597ae6 no_br elementor-widget elementor-widget-text-editor\" data-id=\"4597ae6\" data-element_type=\"widget\" data-widget_type=\"text-editor.default\">\n\t\t\t\t<div class=\"elementor-widget-container\">\n\t\t\t\t\t\t\t\t\t<p>Rellene el siguiente formulario para enviarnos su solicitud de reserva o<br \/>simplemente para solicitar informaci\u00f3n. \u00a1Estamos disponibles!<\/p><p><strong>Email:<\/strong> <a href=\"mailto:info@giovanniepaolo.it\">info@giovanniepaolo.it<\/a><\/p><p id=\"tw-target-text\" class=\"tw-data-text tw-text-large tw-ta\" dir=\"ltr\" data-placeholder=\"Traduzione\" aria-label=\"Testo tradotto\" data-ved=\"2ahUKEwiRkurshKaFAxVNgv0HHT8yAa8Q3ewLegQICBAU\"><strong><span class=\"Y2IQFc\" lang=\"es\">Tel\u00e9fono<\/span>:<\/strong> <a href=\"tel:0415222767\">+39 0415222767<\/a><\/p>\t\t\t\t\t\t\t\t<\/div>\n\t\t\t\t<\/div>\n\t\t\t\t\t<\/div>\n\t\t<\/div>\n\t\t\t\t\t<\/div>\n\t\t<\/section>\n\t\t\t\t<section class=\"elementor-section elementor-top-section elementor-element elementor-element-e43d073 elementor-section-boxed elementor-section-height-default elementor-section-height-default\" data-id=\"e43d073\" data-element_type=\"section\" data-settings=\"{&quot;background_background&quot;:&quot;classic&quot;}\">\n\t\t\t\t\t\t\t<div class=\"elementor-background-overlay\"><\/div>\n\t\t\t\t\t\t\t<div class=\"elementor-container elementor-column-gap-default\">\n\t\t\t\t\t<div class=\"elementor-column elementor-col-100 elementor-top-column elementor-element elementor-element-09ab6b6\" data-id=\"09ab6b6\" data-element_type=\"column\" data-settings=\"{&quot;background_background&quot;:&quot;classic&quot;}\">\n\t\t\t<div class=\"elementor-widget-wrap elementor-element-populated\">\n\t\t\t\t\t\t<div class=\"elementor-element elementor-element-e6797a7 elementor-button-align-center form_contatti elementor-widget elementor-widget-form\" data-id=\"e6797a7\" data-element_type=\"widget\" data-settings=\"{&quot;step_next_label&quot;:&quot;Successivo&quot;,&quot;step_previous_label&quot;:&quot;Precedente&quot;,&quot;button_width&quot;:&quot;100&quot;,&quot;step_type&quot;:&quot;number_text&quot;,&quot;step_icon_shape&quot;:&quot;circle&quot;}\" data-widget_type=\"form.default\">\n\t\t\t\t<div class=\"elementor-widget-container\">\n\t\t\t\t\t\t\t<form class=\"elementor-form\" method=\"post\" name=\"Nuovo modulo\">\n\t\t\t<input type=\"hidden\" name=\"post_id\" value=\"1320\"\/>\n\t\t\t<input type=\"hidden\" name=\"form_id\" value=\"e6797a7\"\/>\n\t\t\t<input type=\"hidden\" name=\"referer_title\" value=\"ALLOGGI SS GIOVANNI E PAOLO\" \/>\n\n\t\t\t\n\t\t\t<div class=\"elementor-form-fields-wrapper elementor-labels-above\">\n\t\t\t\t\t\t\t\t<div class=\"elementor-field-type-text elementor-field-group elementor-column elementor-field-group-name elementor-col-33\">\n\t\t\t\t\t\t\t\t\t\t\t\t<label for=\"form-field-name\" class=\"elementor-field-label\">\n\t\t\t\t\t\t\t\tNombre*\t\t\t\t\t\t\t<\/label>\n\t\t\t\t\t\t\t\t\t\t\t\t\t\t<input size=\"1\" type=\"text\" name=\"form_fields[name]\" id=\"form-field-name\" class=\"elementor-field elementor-size-sm  elementor-field-textual\">\n\t\t\t\t\t\t\t\t\t\t\t<\/div>\n\t\t\t\t\t\t\t\t<div class=\"elementor-field-type-text elementor-field-group elementor-column elementor-field-group-field_9869e3d elementor-col-33\">\n\t\t\t\t\t\t\t\t\t\t\t\t<label for=\"form-field-field_9869e3d\" class=\"elementor-field-label\">\n\t\t\t\t\t\t\t\tApellidos*\t\t\t\t\t\t\t<\/label>\n\t\t\t\t\t\t\t\t\t\t\t\t\t\t<input size=\"1\" type=\"text\" name=\"form_fields[field_9869e3d]\" id=\"form-field-field_9869e3d\" class=\"elementor-field elementor-size-sm  elementor-field-textual\">\n\t\t\t\t\t\t\t\t\t\t\t<\/div>\n\t\t\t\t\t\t\t\t<div class=\"elementor-field-type-email elementor-field-group elementor-column elementor-field-group-email elementor-col-33 elementor-field-required\">\n\t\t\t\t\t\t\t\t\t\t\t\t<label for=\"form-field-email\" class=\"elementor-field-label\">\n\t\t\t\t\t\t\t\tCorreo electr\u00f3nico*\t\t\t\t\t\t\t<\/label>\n\t\t\t\t\t\t\t\t\t\t\t\t\t\t<input size=\"1\" type=\"email\" name=\"form_fields[email]\" id=\"form-field-email\" class=\"elementor-field elementor-size-sm  elementor-field-textual\" required=\"required\">\n\t\t\t\t\t\t\t\t\t\t\t<\/div>\n\t\t\t\t\t\t\t\t<div class=\"elementor-field-type-date elementor-field-group elementor-column elementor-field-group-field_514a409 elementor-col-33 elementor-field-required\">\n\t\t\t\t\t\t\t\t\t\t\t\t<label for=\"form-field-field_514a409\" class=\"elementor-field-label\">\n\t\t\t\t\t\t\t\tLlegada\t\t\t\t\t\t\t<\/label>\n\t\t\t\t\t\t\n\t\t<input type=\"date\" name=\"form_fields[field_514a409]\" id=\"form-field-field_514a409\" class=\"elementor-field elementor-size-sm  elementor-field-textual elementor-date-field\" required=\"required\" pattern=\"[0-9]{4}-[0-9]{2}-[0-9]{2}\">\n\t\t\t\t\t\t<\/div>\n\t\t\t\t\t\t\t\t<div class=\"elementor-field-type-date elementor-field-group elementor-column elementor-field-group-field_5fcc272 elementor-col-33 elementor-field-required\">\n\t\t\t\t\t\t\t\t\t\t\t\t<label for=\"form-field-field_5fcc272\" class=\"elementor-field-label\">\n\t\t\t\t\t\t\t\tSalida\t\t\t\t\t\t\t<\/label>\n\t\t\t\t\t\t\n\t\t<input type=\"date\" name=\"form_fields[field_5fcc272]\" id=\"form-field-field_5fcc272\" class=\"elementor-field elementor-size-sm  elementor-field-textual elementor-date-field\" required=\"required\" pattern=\"[0-9]{4}-[0-9]{2}-[0-9]{2}\">\n\t\t\t\t\t\t<\/div>\n\t\t\t\t\t\t\t\t<div class=\"elementor-field-type-text elementor-field-group elementor-column elementor-field-group-field_0e4f9f8 elementor-col-33\">\n\t\t\t\t\t\t\t\t\t\t\t\t<label for=\"form-field-field_0e4f9f8\" class=\"elementor-field-label\">\n\t\t\t\t\t\t\t\tAsunto\t\t\t\t\t\t\t<\/label>\n\t\t\t\t\t\t\t\t\t\t\t\t\t\t<input size=\"1\" type=\"text\" name=\"form_fields[field_0e4f9f8]\" id=\"form-field-field_0e4f9f8\" class=\"elementor-field elementor-size-sm  elementor-field-textual\">\n\t\t\t\t\t\t\t\t\t\t\t<\/div>\n\t\t\t\t\t\t\t\t<div class=\"elementor-field-type-textarea elementor-field-group elementor-column elementor-field-group-message elementor-col-100\">\n\t\t\t\t\t\t\t\t\t\t\t\t<label for=\"form-field-message\" class=\"elementor-field-label\">\n\t\t\t\t\t\t\t\tSu mensaje*\t\t\t\t\t\t\t<\/label>\n\t\t\t\t\t\t<textarea class=\"elementor-field-textual elementor-field  elementor-size-sm\" name=\"form_fields[message]\" id=\"form-field-message\" rows=\"3\"><\/textarea>\t\t\t\t<\/div>\n\t\t\t\t\t\t\t\t<div class=\"elementor-field-type-acceptance elementor-field-group elementor-column elementor-field-group-field_6f191b9 elementor-col-100\">\n\t\t\t\t\t\t\t<div class=\"elementor-field-subgroup\">\n\t\t\t<span class=\"elementor-field-option\">\n\t\t\t\t<input type=\"checkbox\" name=\"form_fields[field_6f191b9]\" id=\"form-field-field_6f191b9\" class=\"elementor-field elementor-size-sm  elementor-acceptance-field\">\n\t\t\t\t<label for=\"form-field-field_6f191b9\">He le\u00eddo y acepto la pol\u00edtica de privacidad\/<a href=\"https:\/\/giovanniepaolo.it\/privacy-policy\/\" style=\"color: #CCB2A1;\">privacy policy<\/a><\/label>\t\t\t<\/span>\n\t\t<\/div>\n\t\t\t\t\t\t<\/div>\n\t\t\t\t\t\t\t\t<div class=\"elementor-field-type-recaptcha elementor-field-group elementor-column elementor-field-group-field_9ec7c94 elementor-col-100\">\n\t\t\t\t\t<div class=\"elementor-field\" id=\"form-field-field_9ec7c94\"><div class=\"elementor-g-recaptcha\" data-sitekey=\"6LeOCAkaAAAAAGrFekiJt30qfN6yLSiHsYmFwIAY\" data-type=\"v2_checkbox\" data-theme=\"light\" data-size=\"normal\"><\/div><\/div>\t\t\t\t<\/div>\n\t\t\t\t\t\t\t\t<div class=\"elementor-field-group elementor-column elementor-field-type-submit elementor-col-100 e-form__buttons\">\n\t\t\t\t\t<button class=\"elementor-button elementor-size-sm\" type=\"submit\">\n\t\t\t\t\t\t<span class=\"elementor-button-content-wrapper\">\n\t\t\t\t\t\t\t\t\t\t\t\t\t\t\t\t\t\t\t\t\t\t<span class=\"elementor-button-text\">Enviar <\/span>\n\t\t\t\t\t\t\t\t\t\t\t\t\t<\/span>\n\t\t\t\t\t<\/button>\n\t\t\t\t<\/div>\n\t\t\t<\/div>\n\t\t<\/form>\n\t\t\t\t\t\t<\/div>\n\t\t\t\t<\/div>\n\t\t\t\t\t<\/div>\n\t\t<\/div>\n\t\t\t\t\t<\/div>\n\t\t<\/section>\n\t\t\t\t<section class=\"elementor-section elementor-top-section elementor-element elementor-element-96f78f0 elementor-section-boxed elementor-section-height-default elementor-section-height-default\" data-id=\"96f78f0\" data-element_type=\"section\" data-settings=\"{&quot;background_background&quot;:&quot;classic&quot;}\">\n\t\t\t\t\t\t<div class=\"elementor-container elementor-column-gap-default\">\n\t\t\t\t\t<div class=\"elementor-column elementor-col-100 elementor-top-column elementor-element elementor-element-8cc5e91\" data-id=\"8cc5e91\" data-element_type=\"column\" data-settings=\"{&quot;background_background&quot;:&quot;classic&quot;}\">\n\t\t\t<div class=\"elementor-widget-wrap elementor-element-populated\">\n\t\t\t\t\t\t<section class=\"elementor-section elementor-inner-section elementor-element elementor-element-75c6ccc elementor-section-boxed elementor-section-height-default elementor-section-height-default\" data-id=\"75c6ccc\" data-element_type=\"section\">\n\t\t\t\t\t\t<div class=\"elementor-container elementor-column-gap-default\">\n\t\t\t\t\t<div class=\"elementor-column elementor-col-100 elementor-inner-column elementor-element elementor-element-6a3fb2b\" data-id=\"6a3fb2b\" data-element_type=\"column\">\n\t\t\t<div class=\"elementor-widget-wrap elementor-element-populated\">\n\t\t\t\t\t\t<div class=\"elementor-element elementor-element-9819de1 elementor-widget elementor-widget-image\" data-id=\"9819de1\" data-element_type=\"widget\" data-widget_type=\"image.default\">\n\t\t\t\t<div class=\"elementor-widget-container\">\n\t\t\t\t\t\t\t\t\t\t\t\t\t\t\t<img decoding=\"async\" width=\"40\" height=\"39\" src=\"http:\/\/giovanniepaolo.it\/wp-content\/uploads\/2023\/05\/promozioni.svg\" class=\"attachment-full size-full wp-image-886\" alt=\"\" \/>\t\t\t\t\t\t\t\t\t\t\t\t\t\t\t<\/div>\n\t\t\t\t<\/div>\n\t\t\t\t<div class=\"elementor-element elementor-element-8496784 elementor-widget elementor-widget-heading\" data-id=\"8496784\" data-element_type=\"widget\" data-widget_type=\"heading.default\">\n\t\t\t\t<div class=\"elementor-widget-container\">\n\t\t\t\t\t<h2 class=\"elementor-heading-title elementor-size-default\">Promoci\u00f3n<\/h2>\t\t\t\t<\/div>\n\t\t\t\t<\/div>\n\t\t\t\t<div class=\"elementor-element elementor-element-d7a3ef8 elementor-widget elementor-widget-text-editor\" data-id=\"d7a3ef8\" data-element_type=\"widget\" data-widget_type=\"text-editor.default\">\n\t\t\t\t<div class=\"elementor-widget-container\">\n\t\t\t\t\t\t\t\t\t<p>Reserve su estancia en nuestra p\u00e1gina web y ahorre hasta un 20 % en comparaci\u00f3n con los precios anunciados en otras webs de reservas, como Booking.com, Expedia, Airbnb, Tripadvisor, Trivago\u2026 Si reserva directamente con nuestro establecimiento, nos ahorra la comisi\u00f3n que se debe pagar a los intermediarios, ahorro que le descontamos casi en su totalidad.<\/p>\t\t\t\t\t\t\t\t<\/div>\n\t\t\t\t<\/div>\n\t\t\t\t<div class=\"elementor-element elementor-element-7a94a4b elementor-align-center elementor-widget elementor-widget-button\" data-id=\"7a94a4b\" data-element_type=\"widget\" data-widget_type=\"button.default\">\n\t\t\t\t<div class=\"elementor-widget-container\">\n\t\t\t\t\t\t\t\t\t<div class=\"elementor-button-wrapper\">\n\t\t\t\t\t<a class=\"elementor-button elementor-button-link elementor-size-sm\" href=\"https:\/\/giovanniepaolo.bookpage.io\">\n\t\t\t\t\t\t<span class=\"elementor-button-content-wrapper\">\n\t\t\t\t\t\t\t\t\t<span class=\"elementor-button-text\">RESERVAR AHORA<\/span>\n\t\t\t\t\t<\/span>\n\t\t\t\t\t<\/a>\n\t\t\t\t<\/div>\n\t\t\t\t\t\t\t\t<\/div>\n\t\t\t\t<\/div>\n\t\t\t\t\t<\/div>\n\t\t<\/div>\n\t\t\t\t\t<\/div>\n\t\t<\/section>\n\t\t\t\t\t<\/div>\n\t\t<\/div>\n\t\t\t\t\t<\/div>\n\t\t<\/section>\n\t\t\t\t<\/div>\n\t\t","protected":false},"excerpt":{"rendered":"<p>CONTACTO ALLOGGI SS GIOVANNI E PAOLO ESCR\u00cdBENOS Rellene el siguiente formulario para enviarnos su solicitud de reserva osimplemente para solicitar informaci\u00f3n. \u00a1Estamos disponibles! Email: info@giovanniepaolo.it Tel\u00e9fono: +39 0415222767 Promoci\u00f3n Reserve su estancia en nuestra p\u00e1gina web y ahorre hasta un 20 % en comparaci\u00f3n con los precios anunciados en otras webs de reservas, como Booking.com, [&hellip;]<\/p>\n","protected":false},"author":1,"featured_media":0,"parent":0,"menu_order":0,"comment_status":"closed","ping_status":"closed","template":"","meta":{"inline_featured_image":false,"footnotes":""},"class_list":["post-1320","page","type-page","status-publish","hentry"],"yoast_head":"<!-- This site is optimized with the Yoast SEO plugin v25.0 - https:\/\/yoast.com\/wordpress\/plugins\/seo\/ -->\n<title>CONTACTO - ALLOGGI SS GIOVANNI E PAOLO<\/title>\n<meta name=\"robots\" content=\"index, follow, max-snippet:-1, max-image-preview:large, max-video-preview:-1\" \/>\n<link rel=\"canonical\" href=\"https:\/\/giovanniepaolo.it\/es\/contacto\/\" \/>\n<meta property=\"og:locale\" content=\"es_ES\" \/>\n<meta property=\"og:type\" content=\"article\" \/>\n<meta property=\"og:title\" content=\"CONTACTO - ALLOGGI SS GIOVANNI E PAOLO\" \/>\n<meta property=\"og:description\" content=\"CONTACTO ALLOGGI SS GIOVANNI E PAOLO ESCR\u00cdBENOS Rellene el siguiente formulario para enviarnos su solicitud de reserva osimplemente para solicitar informaci\u00f3n. \u00a1Estamos disponibles! Email: info@giovanniepaolo.it Tel\u00e9fono: +39 0415222767 Promoci\u00f3n Reserve su estancia en nuestra p\u00e1gina web y ahorre hasta un 20 % en comparaci\u00f3n con los precios anunciados en otras webs de reservas, como Booking.com, [&hellip;]\" \/>\n<meta property=\"og:url\" content=\"https:\/\/giovanniepaolo.it\/es\/contacto\/\" \/>\n<meta property=\"og:site_name\" content=\"ALLOGGI SS GIOVANNI E PAOLO\" \/>\n<meta property=\"article:modified_time\" content=\"2025-12-02T13:55:17+00:00\" \/>\n<meta property=\"og:image\" content=\"http:\/\/giovanniepaolo.it\/wp-content\/uploads\/2023\/05\/locanda-ss-giovanni-e-paolo.jpg\" \/>\n<meta name=\"twitter:card\" content=\"summary_large_image\" \/>\n<meta name=\"twitter:label1\" content=\"Tiempo de lectura\" \/>\n\t<meta name=\"twitter:data1\" content=\"1 minuto\" \/>\n<script type=\"application\/ld+json\" class=\"yoast-schema-graph\">{\"@context\":\"https:\/\/schema.org\",\"@graph\":[{\"@type\":\"WebPage\",\"@id\":\"https:\/\/giovanniepaolo.it\/es\/contacto\/\",\"url\":\"https:\/\/giovanniepaolo.it\/es\/contacto\/\",\"name\":\"CONTACTO - ALLOGGI SS GIOVANNI E PAOLO\",\"isPartOf\":{\"@id\":\"https:\/\/giovanniepaolo.it\/en\/#website\"},\"primaryImageOfPage\":{\"@id\":\"https:\/\/giovanniepaolo.it\/es\/contacto\/#primaryimage\"},\"image\":{\"@id\":\"https:\/\/giovanniepaolo.it\/es\/contacto\/#primaryimage\"},\"thumbnailUrl\":\"http:\/\/giovanniepaolo.it\/wp-content\/uploads\/2023\/05\/locanda-ss-giovanni-e-paolo.jpg\",\"datePublished\":\"2023-05-22T10:50:07+00:00\",\"dateModified\":\"2025-12-02T13:55:17+00:00\",\"breadcrumb\":{\"@id\":\"https:\/\/giovanniepaolo.it\/es\/contacto\/#breadcrumb\"},\"inLanguage\":\"es\",\"potentialAction\":[{\"@type\":\"ReadAction\",\"target\":[\"https:\/\/giovanniepaolo.it\/es\/contacto\/\"]}]},{\"@type\":\"ImageObject\",\"inLanguage\":\"es\",\"@id\":\"https:\/\/giovanniepaolo.it\/es\/contacto\/#primaryimage\",\"url\":\"http:\/\/giovanniepaolo.it\/wp-content\/uploads\/2023\/05\/locanda-ss-giovanni-e-paolo.jpg\",\"contentUrl\":\"http:\/\/giovanniepaolo.it\/wp-content\/uploads\/2023\/05\/locanda-ss-giovanni-e-paolo.jpg\"},{\"@type\":\"BreadcrumbList\",\"@id\":\"https:\/\/giovanniepaolo.it\/es\/contacto\/#breadcrumb\",\"itemListElement\":[{\"@type\":\"ListItem\",\"position\":1,\"name\":\"Home\",\"item\":\"https:\/\/giovanniepaolo.it\/es\/\"},{\"@type\":\"ListItem\",\"position\":2,\"name\":\"CONTACTO\"}]},{\"@type\":\"WebSite\",\"@id\":\"https:\/\/giovanniepaolo.it\/en\/#website\",\"url\":\"https:\/\/giovanniepaolo.it\/en\/\",\"name\":\"ALLOGGI SS GIOVANNI E PAOLO\",\"description\":\"Private rooms in Venice\",\"publisher\":{\"@id\":\"https:\/\/giovanniepaolo.it\/en\/#organization\"},\"potentialAction\":[{\"@type\":\"SearchAction\",\"target\":{\"@type\":\"EntryPoint\",\"urlTemplate\":\"https:\/\/giovanniepaolo.it\/en\/?s={search_term_string}\"},\"query-input\":{\"@type\":\"PropertyValueSpecification\",\"valueRequired\":true,\"valueName\":\"search_term_string\"}}],\"inLanguage\":\"es\"},{\"@type\":\"Organization\",\"@id\":\"https:\/\/giovanniepaolo.it\/en\/#organization\",\"name\":\"ALLOGGI SS GIOVANNI E PAOLO\",\"url\":\"https:\/\/giovanniepaolo.it\/en\/\",\"logo\":{\"@type\":\"ImageObject\",\"inLanguage\":\"es\",\"@id\":\"https:\/\/giovanniepaolo.it\/en\/#\/schema\/logo\/image\/\",\"url\":\"https:\/\/giovanniepaolo.it\/wp-content\/uploads\/2023\/10\/Icon.png\",\"contentUrl\":\"https:\/\/giovanniepaolo.it\/wp-content\/uploads\/2023\/10\/Icon.png\",\"width\":441,\"height\":149,\"caption\":\"ALLOGGI SS GIOVANNI E PAOLO\"},\"image\":{\"@id\":\"https:\/\/giovanniepaolo.it\/en\/#\/schema\/logo\/image\/\"}}]}<\/script>\n<!-- \/ Yoast SEO plugin. -->","yoast_head_json":{"title":"CONTACTO - ALLOGGI SS GIOVANNI E PAOLO","robots":{"index":"index","follow":"follow","max-snippet":"max-snippet:-1","max-image-preview":"max-image-preview:large","max-video-preview":"max-video-preview:-1"},"canonical":"https:\/\/giovanniepaolo.it\/es\/contacto\/","og_locale":"es_ES","og_type":"article","og_title":"CONTACTO - ALLOGGI SS GIOVANNI E PAOLO","og_description":"CONTACTO ALLOGGI SS GIOVANNI E PAOLO ESCR\u00cdBENOS Rellene el siguiente formulario para enviarnos su solicitud de reserva osimplemente para solicitar informaci\u00f3n. \u00a1Estamos disponibles! Email: info@giovanniepaolo.it Tel\u00e9fono: +39 0415222767 Promoci\u00f3n Reserve su estancia en nuestra p\u00e1gina web y ahorre hasta un 20 % en comparaci\u00f3n con los precios anunciados en otras webs de reservas, como Booking.com, [&hellip;]","og_url":"https:\/\/giovanniepaolo.it\/es\/contacto\/","og_site_name":"ALLOGGI SS GIOVANNI E PAOLO","article_modified_time":"2025-12-02T13:55:17+00:00","og_image":[{"url":"http:\/\/giovanniepaolo.it\/wp-content\/uploads\/2023\/05\/locanda-ss-giovanni-e-paolo.jpg","type":"","width":"","height":""}],"twitter_card":"summary_large_image","twitter_misc":{"Tiempo de lectura":"1 minuto"},"schema":{"@context":"https:\/\/schema.org","@graph":[{"@type":"WebPage","@id":"https:\/\/giovanniepaolo.it\/es\/contacto\/","url":"https:\/\/giovanniepaolo.it\/es\/contacto\/","name":"CONTACTO - ALLOGGI SS GIOVANNI E PAOLO","isPartOf":{"@id":"https:\/\/giovanniepaolo.it\/en\/#website"},"primaryImageOfPage":{"@id":"https:\/\/giovanniepaolo.it\/es\/contacto\/#primaryimage"},"image":{"@id":"https:\/\/giovanniepaolo.it\/es\/contacto\/#primaryimage"},"thumbnailUrl":"http:\/\/giovanniepaolo.it\/wp-content\/uploads\/2023\/05\/locanda-ss-giovanni-e-paolo.jpg","datePublished":"2023-05-22T10:50:07+00:00","dateModified":"2025-12-02T13:55:17+00:00","breadcrumb":{"@id":"https:\/\/giovanniepaolo.it\/es\/contacto\/#breadcrumb"},"inLanguage":"es","potentialAction":[{"@type":"ReadAction","target":["https:\/\/giovanniepaolo.it\/es\/contacto\/"]}]},{"@type":"ImageObject","inLanguage":"es","@id":"https:\/\/giovanniepaolo.it\/es\/contacto\/#primaryimage","url":"http:\/\/giovanniepaolo.it\/wp-content\/uploads\/2023\/05\/locanda-ss-giovanni-e-paolo.jpg","contentUrl":"http:\/\/giovanniepaolo.it\/wp-content\/uploads\/2023\/05\/locanda-ss-giovanni-e-paolo.jpg"},{"@type":"BreadcrumbList","@id":"https:\/\/giovanniepaolo.it\/es\/contacto\/#breadcrumb","itemListElement":[{"@type":"ListItem","position":1,"name":"Home","item":"https:\/\/giovanniepaolo.it\/es\/"},{"@type":"ListItem","position":2,"name":"CONTACTO"}]},{"@type":"WebSite","@id":"https:\/\/giovanniepaolo.it\/en\/#website","url":"https:\/\/giovanniepaolo.it\/en\/","name":"ALLOGGI SS GIOVANNI E PAOLO","description":"Private rooms in Venice","publisher":{"@id":"https:\/\/giovanniepaolo.it\/en\/#organization"},"potentialAction":[{"@type":"SearchAction","target":{"@type":"EntryPoint","urlTemplate":"https:\/\/giovanniepaolo.it\/en\/?s={search_term_string}"},"query-input":{"@type":"PropertyValueSpecification","valueRequired":true,"valueName":"search_term_string"}}],"inLanguage":"es"},{"@type":"Organization","@id":"https:\/\/giovanniepaolo.it\/en\/#organization","name":"ALLOGGI SS GIOVANNI E PAOLO","url":"https:\/\/giovanniepaolo.it\/en\/","logo":{"@type":"ImageObject","inLanguage":"es","@id":"https:\/\/giovanniepaolo.it\/en\/#\/schema\/logo\/image\/","url":"https:\/\/giovanniepaolo.it\/wp-content\/uploads\/2023\/10\/Icon.png","contentUrl":"https:\/\/giovanniepaolo.it\/wp-content\/uploads\/2023\/10\/Icon.png","width":441,"height":149,"caption":"ALLOGGI SS GIOVANNI E PAOLO"},"image":{"@id":"https:\/\/giovanniepaolo.it\/en\/#\/schema\/logo\/image\/"}}]}},"_links":{"self":[{"href":"http:\/\/giovanniepaolo.it\/es\/wp-json\/wp\/v2\/pages\/1320","targetHints":{"allow":["GET"]}}],"collection":[{"href":"http:\/\/giovanniepaolo.it\/es\/wp-json\/wp\/v2\/pages"}],"about":[{"href":"http:\/\/giovanniepaolo.it\/es\/wp-json\/wp\/v2\/types\/page"}],"author":[{"embeddable":true,"href":"http:\/\/giovanniepaolo.it\/es\/wp-json\/wp\/v2\/users\/1"}],"replies":[{"embeddable":true,"href":"http:\/\/giovanniepaolo.it\/es\/wp-json\/wp\/v2\/comments?post=1320"}],"version-history":[{"count":37,"href":"http:\/\/giovanniepaolo.it\/es\/wp-json\/wp\/v2\/pages\/1320\/revisions"}],"predecessor-version":[{"id":3886,"href":"http:\/\/giovanniepaolo.it\/es\/wp-json\/wp\/v2\/pages\/1320\/revisions\/3886"}],"wp:attachment":[{"href":"http:\/\/giovanniepaolo.it\/es\/wp-json\/wp\/v2\/media?parent=1320"}],"curies":[{"name":"wp","href":"https:\/\/api.w.org\/{rel}","templated":true}]}}