{"id":1338,"date":"2023-05-22T12:13:22","date_gmt":"2023-05-22T10:13:22","guid":{"rendered":"https:\/\/www.giovanniepaolo.it\/tariffe-prenotazioni\/"},"modified":"2025-12-02T11:06:33","modified_gmt":"2025-12-02T10:06:33","slug":"tarifs-et-reservations","status":"publish","type":"page","link":"http:\/\/giovanniepaolo.it\/fr\/tarifs-et-reservations\/","title":{"rendered":"R\u00c9SERVATIONS"},"content":{"rendered":"\t\t<div data-elementor-type=\"wp-page\" data-elementor-id=\"1338\" class=\"elementor elementor-1338\" data-elementor-post-type=\"page\">\n\t\t\t\t\t\t<section class=\"elementor-section elementor-top-section elementor-element elementor-element-d61d89d elementor-section-full_width elementor-section-height-default elementor-section-height-default\" data-id=\"d61d89d\" data-element_type=\"section\" data-settings=\"{&quot;background_background&quot;:&quot;classic&quot;}\">\n\t\t\t\t\t\t<div class=\"elementor-container elementor-column-gap-default\">\n\t\t\t\t\t<div class=\"elementor-column elementor-col-100 elementor-top-column elementor-element elementor-element-83c6b63\" data-id=\"83c6b63\" data-element_type=\"column\" data-settings=\"{&quot;background_background&quot;:&quot;classic&quot;}\">\n\t\t\t<div class=\"elementor-widget-wrap elementor-element-populated\">\n\t\t\t\t\t\t<div class=\"elementor-element elementor-element-d539339 elementor-widget elementor-widget-image\" data-id=\"d539339\" data-element_type=\"widget\" data-widget_type=\"image.default\">\n\t\t\t\t<div class=\"elementor-widget-container\">\n\t\t\t\t\t\t\t\t\t\t\t\t\t\t\t<img fetchpriority=\"high\" decoding=\"async\" width=\"2000\" height=\"1333\" src=\"http:\/\/giovanniepaolo.it\/wp-content\/uploads\/2023\/05\/locanda-ss-giovanni-e-paolo.jpg\" class=\"attachment-full size-full wp-image-944\" alt=\"\" srcset=\"http:\/\/giovanniepaolo.it\/wp-content\/uploads\/2023\/05\/locanda-ss-giovanni-e-paolo.jpg 2000w, http:\/\/giovanniepaolo.it\/wp-content\/uploads\/2023\/05\/locanda-ss-giovanni-e-paolo-300x200.jpg 300w, http:\/\/giovanniepaolo.it\/wp-content\/uploads\/2023\/05\/locanda-ss-giovanni-e-paolo-1024x682.jpg 1024w, http:\/\/giovanniepaolo.it\/wp-content\/uploads\/2023\/05\/locanda-ss-giovanni-e-paolo-768x512.jpg 768w, http:\/\/giovanniepaolo.it\/wp-content\/uploads\/2023\/05\/locanda-ss-giovanni-e-paolo-1536x1024.jpg 1536w\" sizes=\"(max-width: 2000px) 100vw, 2000px\" \/>\t\t\t\t\t\t\t\t\t\t\t\t\t\t\t<\/div>\n\t\t\t\t<\/div>\n\t\t\t\t<section class=\"elementor-section elementor-inner-section elementor-element elementor-element-68027fb elementor-section-boxed elementor-section-height-default elementor-section-height-default\" data-id=\"68027fb\" data-element_type=\"section\" data-settings=\"{&quot;background_background&quot;:&quot;classic&quot;}\">\n\t\t\t\t\t\t\t<div class=\"elementor-background-overlay\"><\/div>\n\t\t\t\t\t\t\t<div class=\"elementor-container elementor-column-gap-default\">\n\t\t\t\t\t<div class=\"elementor-column elementor-col-100 elementor-inner-column elementor-element elementor-element-d9d4aa8\" data-id=\"d9d4aa8\" data-element_type=\"column\" data-settings=\"{&quot;background_background&quot;:&quot;classic&quot;}\">\n\t\t\t<div class=\"elementor-widget-wrap elementor-element-populated\">\n\t\t\t\t\t<div class=\"elementor-background-overlay\"><\/div>\n\t\t\t\t\t\t<div class=\"elementor-element elementor-element-09f9b80 elementor-widget elementor-widget-text-editor\" data-id=\"09f9b80\" data-element_type=\"widget\" data-widget_type=\"text-editor.default\">\n\t\t\t\t<div class=\"elementor-widget-container\">\n\t\t\t\t\t\t\t\t\t<p>TARIFS ET R\u00c9SERVATIONS<\/p>\t\t\t\t\t\t\t\t<\/div>\n\t\t\t\t<\/div>\n\t\t\t\t<div class=\"elementor-element elementor-element-f7a6bf8 elementor-widget elementor-widget-text-editor\" data-id=\"f7a6bf8\" data-element_type=\"widget\" data-widget_type=\"text-editor.default\">\n\t\t\t\t<div class=\"elementor-widget-container\">\n\t\t\t\t\t\t\t\t\tALLOGGI SS GIOVANNI E PAOLO\t\t\t\t\t\t\t\t<\/div>\n\t\t\t\t<\/div>\n\t\t\t\t\t<\/div>\n\t\t<\/div>\n\t\t\t\t\t<\/div>\n\t\t<\/section>\n\t\t\t\t\t<\/div>\n\t\t<\/div>\n\t\t\t\t\t<\/div>\n\t\t<\/section>\n\t\t\t\t<section class=\"elementor-section elementor-top-section elementor-element elementor-element-e544399 elementor-section-boxed elementor-section-height-default elementor-section-height-default\" data-id=\"e544399\" data-element_type=\"section\" data-settings=\"{&quot;background_background&quot;:&quot;classic&quot;}\">\n\t\t\t\t\t\t\t<div class=\"elementor-background-overlay\"><\/div>\n\t\t\t\t\t\t\t<div class=\"elementor-container elementor-column-gap-default\">\n\t\t\t\t\t<div class=\"elementor-column elementor-col-100 elementor-top-column elementor-element elementor-element-f035824\" data-id=\"f035824\" data-element_type=\"column\">\n\t\t\t<div class=\"elementor-widget-wrap elementor-element-populated\">\n\t\t\t\t\t\t<div class=\"elementor-element elementor-element-4597ae6 elementor-widget elementor-widget-text-editor\" data-id=\"4597ae6\" data-element_type=\"widget\" data-widget_type=\"text-editor.default\">\n\t\t\t\t<div class=\"elementor-widget-container\">\n\t\t\t\t\t\t\t\t\t<p>Dans cette section, vous pouvez r\u00e9server votre h\u00e9bergement au meilleur prix, en \u00e9conomisant jusqu&#8217;\u00e0 20 % par rapport aux prix demand\u00e9s par les sites de r\u00e9servation tiers.<\/p><p><b><u>Arriv\u00e9e <\/u><\/b>: 15h-19h.<\/p><p>Pour un enregistrement tardif entre 19h et 21h, un suppl\u00e9ment de 25 \u20ac est factur\u00e9. Toutes les demandes d&#8217;arriv\u00e9e tardive doivent \u00eatre confirm\u00e9es par notre \u00e9tablissement. Il n&#8217;est pas possible de s&#8217;enregistrer apr\u00e8s 21h, m\u00eame en payant un suppl\u00e9ment car nous n&#8217;avons pas de veilleur de nuit.<\/p><p><span style=\"text-decoration: underline;\"><strong>Attention<\/strong> <\/span>: Apr\u00e8s la r\u00e9servation, vous recevrez un lien de paiement qui vous dirigera vers une plateforme de paiement s\u00e9curis\u00e9e. La r\u00e9servation ne sera d\u00e9finitivement confirm\u00e9e par notre \u00e9tablissement qu&#8217;apr\u00e8s que vous aurez pay\u00e9 le prix de la r\u00e9servation qui doit \u00eatre effectu\u00e9 dans les 24 heures suivant la r\u00e9ception du lien. Pour les r\u00e9servations le jour m\u00eame, le paiement est d\u00fb imm\u00e9diatement apr\u00e8s l&#8217;envoi du lien.<\/p>\t\t\t\t\t\t\t\t<\/div>\n\t\t\t\t<\/div>\n\t\t\t\t<div class=\"elementor-element elementor-element-986ad1b elementor-widget elementor-widget-text-editor\" data-id=\"986ad1b\" data-element_type=\"widget\" data-widget_type=\"text-editor.default\">\n\t\t\t\t<div class=\"elementor-widget-container\">\n\t\t\t\t\t\t\t\t\t<p>Ci-dessous, vous pouvez s\u00e9lectionner votre s\u00e9jour en saisissant toutes les donn\u00e9es dans le moteur de r\u00e9servation.<\/p><p>Si vous ne trouvez pas de proposition adapt\u00e9e sur notre site, nous vous conseillons de consulter les propositions sur <a href=\"http:\/\/www.booking-venice.com\">www.booking-venice.com<\/a>.<\/p>\t\t\t\t\t\t\t\t<\/div>\n\t\t\t\t<\/div>\n\t\t\t\t\t<\/div>\n\t\t<\/div>\n\t\t\t\t\t<\/div>\n\t\t<\/section>\n\t\t\t\t<section class=\"elementor-section elementor-top-section elementor-element elementor-element-2a35eed elementor-section-boxed elementor-section-height-default elementor-section-height-default\" data-id=\"2a35eed\" data-element_type=\"section\">\n\t\t\t\t\t\t<div class=\"elementor-container elementor-column-gap-default\">\n\t\t\t\t\t<div class=\"elementor-column elementor-col-100 elementor-top-column elementor-element elementor-element-bc742e5\" data-id=\"bc742e5\" data-element_type=\"column\">\n\t\t\t<div class=\"elementor-widget-wrap elementor-element-populated\">\n\t\t\t\t\t\t<div class=\"elementor-element elementor-element-6f667d6 elementor-widget elementor-widget-html\" data-id=\"6f667d6\" data-element_type=\"widget\" data-widget_type=\"html.default\">\n\t\t\t\t<div class=\"elementor-widget-container\">\n\t\t\t\t\t<link href=\"https:\/\/cdn.ciaobooking.com\/widget\/css\/app.css\" rel=\"stylesheet\"\/> <ciaobooking-widget property-id=\"146342\" host=\"https:\/\/giovanniepaolo.bookpage.io\" radius=\"3px\" with-children=\"false\" primary-color=\"#B69F92C7\" new-page=\"true\" expanded-occupation=\"false\" with-shadow=\"true\" alternative-submit=\"true\" is-dropdown=\"false\" font-family=\"Montserrat\" with-destinations=\"false\" booking-network-id=\"1309\" ><\/ciaobooking-widget> <script src=\"https:\/\/cdn.ciaobooking.com\/widget\/js\/app.js\"><\/script>\t\t\t\t<\/div>\n\t\t\t\t<\/div>\n\t\t\t\t\t<\/div>\n\t\t<\/div>\n\t\t\t\t\t<\/div>\n\t\t<\/section>\n\t\t\t\t<\/div>\n\t\t","protected":false},"excerpt":{"rendered":"<p>TARIFS ET R\u00c9SERVATIONS ALLOGGI SS GIOVANNI E PAOLO Dans cette section, vous pouvez r\u00e9server votre h\u00e9bergement au meilleur prix, en \u00e9conomisant jusqu&#8217;\u00e0 20 % par rapport aux prix demand\u00e9s par les sites de r\u00e9servation tiers. Arriv\u00e9e : 15h-19h. Pour un enregistrement tardif entre 19h et 21h, un suppl\u00e9ment de 25 \u20ac est factur\u00e9. Toutes les [&hellip;]<\/p>\n","protected":false},"author":1,"featured_media":0,"parent":0,"menu_order":0,"comment_status":"closed","ping_status":"closed","template":"","meta":{"inline_featured_image":false,"footnotes":""},"class_list":["post-1338","page","type-page","status-publish","hentry"],"yoast_head":"<!-- This site is optimized with the Yoast SEO plugin v25.0 - https:\/\/yoast.com\/wordpress\/plugins\/seo\/ -->\n<title>R\u00c9SERVATIONS - ALLOGGI SS GIOVANNI E PAOLO<\/title>\n<meta name=\"robots\" content=\"index, follow, max-snippet:-1, max-image-preview:large, max-video-preview:-1\" \/>\n<link rel=\"canonical\" href=\"http:\/\/giovanniepaolo.it\/fr\/tarifs-et-reservations\/\" \/>\n<meta property=\"og:locale\" content=\"fr_FR\" \/>\n<meta property=\"og:type\" content=\"article\" \/>\n<meta property=\"og:title\" content=\"R\u00c9SERVATIONS - ALLOGGI SS GIOVANNI E PAOLO\" \/>\n<meta property=\"og:description\" content=\"TARIFS ET R\u00c9SERVATIONS ALLOGGI SS GIOVANNI E PAOLO Dans cette section, vous pouvez r\u00e9server votre h\u00e9bergement au meilleur prix, en \u00e9conomisant jusqu&#8217;\u00e0 20 % par rapport aux prix demand\u00e9s par les sites de r\u00e9servation tiers. Arriv\u00e9e : 15h-19h. Pour un enregistrement tardif entre 19h et 21h, un suppl\u00e9ment de 25 \u20ac est factur\u00e9. Toutes les [&hellip;]\" \/>\n<meta property=\"og:url\" content=\"http:\/\/giovanniepaolo.it\/fr\/tarifs-et-reservations\/\" \/>\n<meta property=\"og:site_name\" content=\"ALLOGGI SS GIOVANNI E PAOLO\" \/>\n<meta property=\"article:modified_time\" content=\"2025-12-02T10:06:33+00:00\" \/>\n<meta property=\"og:image\" content=\"http:\/\/giovanniepaolo.it\/wp-content\/uploads\/2023\/05\/locanda-ss-giovanni-e-paolo.jpg\" \/>\n<meta name=\"twitter:card\" content=\"summary_large_image\" \/>\n<meta name=\"twitter:label1\" content=\"Dur\u00e9e de lecture estim\u00e9e\" \/>\n\t<meta name=\"twitter:data1\" content=\"2 minutes\" \/>\n<script type=\"application\/ld+json\" class=\"yoast-schema-graph\">{\"@context\":\"https:\/\/schema.org\",\"@graph\":[{\"@type\":\"WebPage\",\"@id\":\"http:\/\/giovanniepaolo.it\/fr\/tarifs-et-reservations\/\",\"url\":\"http:\/\/giovanniepaolo.it\/fr\/tarifs-et-reservations\/\",\"name\":\"R\u00c9SERVATIONS - ALLOGGI SS GIOVANNI E PAOLO\",\"isPartOf\":{\"@id\":\"https:\/\/giovanniepaolo.it\/en\/#website\"},\"primaryImageOfPage\":{\"@id\":\"http:\/\/giovanniepaolo.it\/fr\/tarifs-et-reservations\/#primaryimage\"},\"image\":{\"@id\":\"http:\/\/giovanniepaolo.it\/fr\/tarifs-et-reservations\/#primaryimage\"},\"thumbnailUrl\":\"http:\/\/giovanniepaolo.it\/wp-content\/uploads\/2023\/05\/locanda-ss-giovanni-e-paolo.jpg\",\"datePublished\":\"2023-05-22T10:13:22+00:00\",\"dateModified\":\"2025-12-02T10:06:33+00:00\",\"breadcrumb\":{\"@id\":\"http:\/\/giovanniepaolo.it\/fr\/tarifs-et-reservations\/#breadcrumb\"},\"inLanguage\":\"fr-FR\",\"potentialAction\":[{\"@type\":\"ReadAction\",\"target\":[\"http:\/\/giovanniepaolo.it\/fr\/tarifs-et-reservations\/\"]}]},{\"@type\":\"ImageObject\",\"inLanguage\":\"fr-FR\",\"@id\":\"http:\/\/giovanniepaolo.it\/fr\/tarifs-et-reservations\/#primaryimage\",\"url\":\"http:\/\/giovanniepaolo.it\/wp-content\/uploads\/2023\/05\/locanda-ss-giovanni-e-paolo.jpg\",\"contentUrl\":\"http:\/\/giovanniepaolo.it\/wp-content\/uploads\/2023\/05\/locanda-ss-giovanni-e-paolo.jpg\"},{\"@type\":\"BreadcrumbList\",\"@id\":\"http:\/\/giovanniepaolo.it\/fr\/tarifs-et-reservations\/#breadcrumb\",\"itemListElement\":[{\"@type\":\"ListItem\",\"position\":1,\"name\":\"Home\",\"item\":\"https:\/\/giovanniepaolo.it\/fr\/\"},{\"@type\":\"ListItem\",\"position\":2,\"name\":\"R\u00c9SERVATIONS\"}]},{\"@type\":\"WebSite\",\"@id\":\"https:\/\/giovanniepaolo.it\/en\/#website\",\"url\":\"https:\/\/giovanniepaolo.it\/en\/\",\"name\":\"ALLOGGI SS GIOVANNI E PAOLO\",\"description\":\"Private rooms in Venice\",\"publisher\":{\"@id\":\"https:\/\/giovanniepaolo.it\/en\/#organization\"},\"potentialAction\":[{\"@type\":\"SearchAction\",\"target\":{\"@type\":\"EntryPoint\",\"urlTemplate\":\"https:\/\/giovanniepaolo.it\/en\/?s={search_term_string}\"},\"query-input\":{\"@type\":\"PropertyValueSpecification\",\"valueRequired\":true,\"valueName\":\"search_term_string\"}}],\"inLanguage\":\"fr-FR\"},{\"@type\":\"Organization\",\"@id\":\"https:\/\/giovanniepaolo.it\/en\/#organization\",\"name\":\"ALLOGGI SS GIOVANNI E PAOLO\",\"url\":\"https:\/\/giovanniepaolo.it\/en\/\",\"logo\":{\"@type\":\"ImageObject\",\"inLanguage\":\"fr-FR\",\"@id\":\"https:\/\/giovanniepaolo.it\/en\/#\/schema\/logo\/image\/\",\"url\":\"https:\/\/giovanniepaolo.it\/wp-content\/uploads\/2023\/10\/Icon.png\",\"contentUrl\":\"https:\/\/giovanniepaolo.it\/wp-content\/uploads\/2023\/10\/Icon.png\",\"width\":441,\"height\":149,\"caption\":\"ALLOGGI SS GIOVANNI E PAOLO\"},\"image\":{\"@id\":\"https:\/\/giovanniepaolo.it\/en\/#\/schema\/logo\/image\/\"}}]}<\/script>\n<!-- \/ Yoast SEO plugin. -->","yoast_head_json":{"title":"R\u00c9SERVATIONS - ALLOGGI SS GIOVANNI E PAOLO","robots":{"index":"index","follow":"follow","max-snippet":"max-snippet:-1","max-image-preview":"max-image-preview:large","max-video-preview":"max-video-preview:-1"},"canonical":"http:\/\/giovanniepaolo.it\/fr\/tarifs-et-reservations\/","og_locale":"fr_FR","og_type":"article","og_title":"R\u00c9SERVATIONS - ALLOGGI SS GIOVANNI E PAOLO","og_description":"TARIFS ET R\u00c9SERVATIONS ALLOGGI SS GIOVANNI E PAOLO Dans cette section, vous pouvez r\u00e9server votre h\u00e9bergement au meilleur prix, en \u00e9conomisant jusqu&#8217;\u00e0 20 % par rapport aux prix demand\u00e9s par les sites de r\u00e9servation tiers. Arriv\u00e9e : 15h-19h. Pour un enregistrement tardif entre 19h et 21h, un suppl\u00e9ment de 25 \u20ac est factur\u00e9. Toutes les [&hellip;]","og_url":"http:\/\/giovanniepaolo.it\/fr\/tarifs-et-reservations\/","og_site_name":"ALLOGGI SS GIOVANNI E PAOLO","article_modified_time":"2025-12-02T10:06:33+00:00","og_image":[{"url":"http:\/\/giovanniepaolo.it\/wp-content\/uploads\/2023\/05\/locanda-ss-giovanni-e-paolo.jpg","type":"","width":"","height":""}],"twitter_card":"summary_large_image","twitter_misc":{"Dur\u00e9e de lecture estim\u00e9e":"2 minutes"},"schema":{"@context":"https:\/\/schema.org","@graph":[{"@type":"WebPage","@id":"http:\/\/giovanniepaolo.it\/fr\/tarifs-et-reservations\/","url":"http:\/\/giovanniepaolo.it\/fr\/tarifs-et-reservations\/","name":"R\u00c9SERVATIONS - ALLOGGI SS GIOVANNI E PAOLO","isPartOf":{"@id":"https:\/\/giovanniepaolo.it\/en\/#website"},"primaryImageOfPage":{"@id":"http:\/\/giovanniepaolo.it\/fr\/tarifs-et-reservations\/#primaryimage"},"image":{"@id":"http:\/\/giovanniepaolo.it\/fr\/tarifs-et-reservations\/#primaryimage"},"thumbnailUrl":"http:\/\/giovanniepaolo.it\/wp-content\/uploads\/2023\/05\/locanda-ss-giovanni-e-paolo.jpg","datePublished":"2023-05-22T10:13:22+00:00","dateModified":"2025-12-02T10:06:33+00:00","breadcrumb":{"@id":"http:\/\/giovanniepaolo.it\/fr\/tarifs-et-reservations\/#breadcrumb"},"inLanguage":"fr-FR","potentialAction":[{"@type":"ReadAction","target":["http:\/\/giovanniepaolo.it\/fr\/tarifs-et-reservations\/"]}]},{"@type":"ImageObject","inLanguage":"fr-FR","@id":"http:\/\/giovanniepaolo.it\/fr\/tarifs-et-reservations\/#primaryimage","url":"http:\/\/giovanniepaolo.it\/wp-content\/uploads\/2023\/05\/locanda-ss-giovanni-e-paolo.jpg","contentUrl":"http:\/\/giovanniepaolo.it\/wp-content\/uploads\/2023\/05\/locanda-ss-giovanni-e-paolo.jpg"},{"@type":"BreadcrumbList","@id":"http:\/\/giovanniepaolo.it\/fr\/tarifs-et-reservations\/#breadcrumb","itemListElement":[{"@type":"ListItem","position":1,"name":"Home","item":"https:\/\/giovanniepaolo.it\/fr\/"},{"@type":"ListItem","position":2,"name":"R\u00c9SERVATIONS"}]},{"@type":"WebSite","@id":"https:\/\/giovanniepaolo.it\/en\/#website","url":"https:\/\/giovanniepaolo.it\/en\/","name":"ALLOGGI SS GIOVANNI E PAOLO","description":"Private rooms in Venice","publisher":{"@id":"https:\/\/giovanniepaolo.it\/en\/#organization"},"potentialAction":[{"@type":"SearchAction","target":{"@type":"EntryPoint","urlTemplate":"https:\/\/giovanniepaolo.it\/en\/?s={search_term_string}"},"query-input":{"@type":"PropertyValueSpecification","valueRequired":true,"valueName":"search_term_string"}}],"inLanguage":"fr-FR"},{"@type":"Organization","@id":"https:\/\/giovanniepaolo.it\/en\/#organization","name":"ALLOGGI SS GIOVANNI E PAOLO","url":"https:\/\/giovanniepaolo.it\/en\/","logo":{"@type":"ImageObject","inLanguage":"fr-FR","@id":"https:\/\/giovanniepaolo.it\/en\/#\/schema\/logo\/image\/","url":"https:\/\/giovanniepaolo.it\/wp-content\/uploads\/2023\/10\/Icon.png","contentUrl":"https:\/\/giovanniepaolo.it\/wp-content\/uploads\/2023\/10\/Icon.png","width":441,"height":149,"caption":"ALLOGGI SS GIOVANNI E PAOLO"},"image":{"@id":"https:\/\/giovanniepaolo.it\/en\/#\/schema\/logo\/image\/"}}]}},"_links":{"self":[{"href":"http:\/\/giovanniepaolo.it\/fr\/wp-json\/wp\/v2\/pages\/1338","targetHints":{"allow":["GET"]}}],"collection":[{"href":"http:\/\/giovanniepaolo.it\/fr\/wp-json\/wp\/v2\/pages"}],"about":[{"href":"http:\/\/giovanniepaolo.it\/fr\/wp-json\/wp\/v2\/types\/page"}],"author":[{"embeddable":true,"href":"http:\/\/giovanniepaolo.it\/fr\/wp-json\/wp\/v2\/users\/1"}],"replies":[{"embeddable":true,"href":"http:\/\/giovanniepaolo.it\/fr\/wp-json\/wp\/v2\/comments?post=1338"}],"version-history":[{"count":18,"href":"http:\/\/giovanniepaolo.it\/fr\/wp-json\/wp\/v2\/pages\/1338\/revisions"}],"predecessor-version":[{"id":3842,"href":"http:\/\/giovanniepaolo.it\/fr\/wp-json\/wp\/v2\/pages\/1338\/revisions\/3842"}],"wp:attachment":[{"href":"http:\/\/giovanniepaolo.it\/fr\/wp-json\/wp\/v2\/media?parent=1338"}],"curies":[{"name":"wp","href":"https:\/\/api.w.org\/{rel}","templated":true}]}}