{"id":1323,"date":"2023-05-22T12:25:39","date_gmt":"2023-05-22T10:25:39","guid":{"rendered":"https:\/\/www.giovanniepaolo.it\/dove-siamo\/"},"modified":"2025-10-07T10:03:51","modified_gmt":"2025-10-07T08:03:51","slug":"unser-standort","status":"publish","type":"page","link":"https:\/\/giovanniepaolo.it\/de\/unser-standort\/","title":{"rendered":"ANFAHRT"},"content":{"rendered":"\t\t<div data-elementor-type=\"wp-page\" data-elementor-id=\"1323\" class=\"elementor elementor-1323\" data-elementor-post-type=\"page\">\n\t\t\t\t\t\t<section class=\"elementor-section elementor-top-section elementor-element elementor-element-1f4a9d7 elementor-section-full_width elementor-section-height-default elementor-section-height-default\" data-id=\"1f4a9d7\" data-element_type=\"section\" data-settings=\"{&quot;background_background&quot;:&quot;classic&quot;}\">\n\t\t\t\t\t\t<div class=\"elementor-container elementor-column-gap-default\">\n\t\t\t\t\t<div class=\"elementor-column elementor-col-100 elementor-top-column elementor-element elementor-element-027f1b2\" data-id=\"027f1b2\" data-element_type=\"column\" data-settings=\"{&quot;background_background&quot;:&quot;classic&quot;}\">\n\t\t\t<div class=\"elementor-widget-wrap elementor-element-populated\">\n\t\t\t\t\t\t<div class=\"elementor-element elementor-element-28e8f8c elementor-widget elementor-widget-image\" data-id=\"28e8f8c\" data-element_type=\"widget\" data-widget_type=\"image.default\">\n\t\t\t\t<div class=\"elementor-widget-container\">\n\t\t\t\t\t\t\t\t\t\t\t\t\t\t\t<img fetchpriority=\"high\" decoding=\"async\" width=\"2500\" height=\"1667\" src=\"https:\/\/giovanniepaolo.it\/wp-content\/uploads\/2023\/05\/slide-principale.jpg\" class=\"attachment-full size-full wp-image-961\" alt=\"\" srcset=\"https:\/\/giovanniepaolo.it\/wp-content\/uploads\/2023\/05\/slide-principale.jpg 2500w, https:\/\/giovanniepaolo.it\/wp-content\/uploads\/2023\/05\/slide-principale-300x200.jpg 300w, https:\/\/giovanniepaolo.it\/wp-content\/uploads\/2023\/05\/slide-principale-1024x683.jpg 1024w, https:\/\/giovanniepaolo.it\/wp-content\/uploads\/2023\/05\/slide-principale-768x512.jpg 768w, https:\/\/giovanniepaolo.it\/wp-content\/uploads\/2023\/05\/slide-principale-1536x1024.jpg 1536w, https:\/\/giovanniepaolo.it\/wp-content\/uploads\/2023\/05\/slide-principale-2048x1366.jpg 2048w\" sizes=\"(max-width: 2500px) 100vw, 2500px\" \/>\t\t\t\t\t\t\t\t\t\t\t\t\t\t\t<\/div>\n\t\t\t\t<\/div>\n\t\t\t\t<section class=\"elementor-section elementor-inner-section elementor-element elementor-element-c01037e elementor-section-boxed elementor-section-height-default elementor-section-height-default\" data-id=\"c01037e\" data-element_type=\"section\" data-settings=\"{&quot;background_background&quot;:&quot;classic&quot;}\">\n\t\t\t\t\t\t\t<div class=\"elementor-background-overlay\"><\/div>\n\t\t\t\t\t\t\t<div class=\"elementor-container elementor-column-gap-default\">\n\t\t\t\t\t<div class=\"elementor-column elementor-col-100 elementor-inner-column elementor-element elementor-element-33726b9\" data-id=\"33726b9\" data-element_type=\"column\" data-settings=\"{&quot;background_background&quot;:&quot;classic&quot;}\">\n\t\t\t<div class=\"elementor-widget-wrap elementor-element-populated\">\n\t\t\t\t\t<div class=\"elementor-background-overlay\"><\/div>\n\t\t\t\t\t\t<div class=\"elementor-element elementor-element-62153ec elementor-widget elementor-widget-text-editor\" data-id=\"62153ec\" data-element_type=\"widget\" data-widget_type=\"text-editor.default\">\n\t\t\t\t<div class=\"elementor-widget-container\">\n\t\t\t\t\t\t\t\t\t<p>ANFAHRT<\/p>\t\t\t\t\t\t\t\t<\/div>\n\t\t\t\t<\/div>\n\t\t\t\t<div class=\"elementor-element elementor-element-f5f10a0 elementor-widget elementor-widget-text-editor\" data-id=\"f5f10a0\" data-element_type=\"widget\" data-widget_type=\"text-editor.default\">\n\t\t\t\t<div class=\"elementor-widget-container\">\n\t\t\t\t\t\t\t\t\tALLOGGI SS GIOVANNI E PAOLO\t\t\t\t\t\t\t\t<\/div>\n\t\t\t\t<\/div>\n\t\t\t\t\t<\/div>\n\t\t<\/div>\n\t\t\t\t\t<\/div>\n\t\t<\/section>\n\t\t\t\t\t<\/div>\n\t\t<\/div>\n\t\t\t\t\t<\/div>\n\t\t<\/section>\n\t\t\t\t<section class=\"elementor-section elementor-top-section elementor-element elementor-element-e544399 elementor-section-boxed elementor-section-height-default elementor-section-height-default\" data-id=\"e544399\" data-element_type=\"section\" data-settings=\"{&quot;background_background&quot;:&quot;classic&quot;}\">\n\t\t\t\t\t\t\t<div class=\"elementor-background-overlay\"><\/div>\n\t\t\t\t\t\t\t<div class=\"elementor-container elementor-column-gap-default\">\n\t\t\t\t\t<div class=\"elementor-column elementor-col-100 elementor-top-column elementor-element elementor-element-f035824\" data-id=\"f035824\" data-element_type=\"column\">\n\t\t\t<div class=\"elementor-widget-wrap elementor-element-populated\">\n\t\t\t\t\t\t<div class=\"elementor-element elementor-element-1ddbc9a elementor-widget elementor-widget-heading\" data-id=\"1ddbc9a\" data-element_type=\"widget\" data-widget_type=\"heading.default\">\n\t\t\t\t<div class=\"elementor-widget-container\">\n\t\t\t\t\t<h2 class=\"elementor-heading-title elementor-size-default\">ADRESSE<\/h2>\t\t\t\t<\/div>\n\t\t\t\t<\/div>\n\t\t\t\t<div class=\"elementor-element elementor-element-5cf17b7 no_br elementor-widget elementor-widget-text-editor\" data-id=\"5cf17b7\" data-element_type=\"widget\" data-widget_type=\"text-editor.default\">\n\t\t\t\t<div class=\"elementor-widget-container\">\n\t\t\t\t\t\t\t\t\t<p>Castello (Calle dell\u2019Ospedaleto) 6401<br \/>30122 Venezia<\/p><p>Um unseren Beherbergungsbetrieb mittels Google Maps zu finden, klicken Sie auf den folgenden Link: <a href=\"https:\/\/maps.app.goo.gl\/3pK1NukeketDPYD29\">https:\/\/maps.app.goo.gl\/3pK1NukeketDPYD29<\/a><\/p>\t\t\t\t\t\t\t\t<\/div>\n\t\t\t\t<\/div>\n\t\t\t\t<div class=\"elementor-element elementor-element-03a39fc elementor-widget elementor-widget-google_maps\" data-id=\"03a39fc\" data-element_type=\"widget\" data-widget_type=\"google_maps.default\">\n\t\t\t\t<div class=\"elementor-widget-container\">\n\t\t\t\t\t\t\t<div class=\"elementor-custom-embed\">\n\t\t\t<iframe loading=\"lazy\"\n\t\t\t\t\tsrc=\"https:\/\/maps.google.com\/maps?q=alloggi%20ss%20giovanni%20e%20paolo%2C%20CASTELLO%20CALLE%20DELL%27OSPEDALETTO%206401%2030122%20VENEZIA&#038;t=m&#038;z=17&#038;output=embed&#038;iwloc=near\"\n\t\t\t\t\ttitle=\"alloggi ss giovanni e paolo, CASTELLO CALLE DELL&#039;OSPEDALETTO 6401 30122 VENEZIA\"\n\t\t\t\t\taria-label=\"alloggi ss giovanni e paolo, CASTELLO CALLE DELL&#039;OSPEDALETTO 6401 30122 VENEZIA\"\n\t\t\t><\/iframe>\n\t\t<\/div>\n\t\t\t\t\t\t<\/div>\n\t\t\t\t<\/div>\n\t\t\t\t\t<\/div>\n\t\t<\/div>\n\t\t\t\t\t<\/div>\n\t\t<\/section>\n\t\t\t\t<section class=\"elementor-section elementor-top-section elementor-element elementor-element-77c3c7d elementor-section-full_width elementor-reverse-mobile elementor-section-height-default elementor-section-height-default\" data-id=\"77c3c7d\" data-element_type=\"section\" data-settings=\"{&quot;background_background&quot;:&quot;classic&quot;}\">\n\t\t\t\t\t\t\t<div class=\"elementor-background-overlay\"><\/div>\n\t\t\t\t\t\t\t<div class=\"elementor-container elementor-column-gap-default\">\n\t\t\t\t\t<div class=\"elementor-column elementor-col-50 elementor-top-column elementor-element elementor-element-b5c83f2\" data-id=\"b5c83f2\" data-element_type=\"column\">\n\t\t\t<div class=\"elementor-widget-wrap elementor-element-populated\">\n\t\t\t\t\t\t<div class=\"elementor-element elementor-element-4b10158 elementor-widget elementor-widget-heading\" data-id=\"4b10158\" data-element_type=\"widget\" data-widget_type=\"heading.default\">\n\t\t\t\t<div class=\"elementor-widget-container\">\n\t\t\t\t\t<h2 class=\"elementor-heading-title elementor-size-default\">LAGEBESCHREIBUNG<\/h2>\t\t\t\t<\/div>\n\t\t\t\t<\/div>\n\t\t\t\t<div class=\"elementor-element elementor-element-e3e10f1 info_utili elementor-widget elementor-widget-text-editor\" data-id=\"e3e10f1\" data-element_type=\"widget\" data-widget_type=\"text-editor.default\">\n\t\t\t\t<div class=\"elementor-widget-container\">\n\t\t\t\t\t\t\t\t\t<p>Die n\u00e4chstgelegene Vaporetto-Haltestelle hei\u00dft \u201eOspedale\u201c und ist mit dem Vaporetto (Wasserbus) 5.2 vom Piazzale Roma\/Bahnhof Santa Lucia aus erreichbar.<\/p>\t\t\t\t\t\t\t\t<\/div>\n\t\t\t\t<\/div>\n\t\t\t\t<div class=\"elementor-element elementor-element-bc730aa info_utili elementor-widget elementor-widget-text-editor\" data-id=\"bc730aa\" data-element_type=\"widget\" data-widget_type=\"text-editor.default\">\n\t\t\t\t<div class=\"elementor-widget-container\">\n\t\t\t\t\t\t\t\t\t<p>Unser Hotel verf\u00fcgt \u00fcber keinen Parkplatz, da wir uns in der Lagune befinden. Sie k\u00f6nnen Ihr Fahrzeug in der \u201eGarage San Marco\u201d (041 523 2213) oder in der \u201eAutorimessa Comunale\u201d (Tel. 041 272 7301) am Piazzale Roma (Venedig Altstadt) abstellen. Alternativ k\u00f6nnen Sie im \u201eTronchetto Parking\u201c (Tel. 041 5207555) oder auf dem Festland im \u201eVenice City Park\u201c (Tel. 041 531 66 84) in Marghera\/Mestre parken.<\/p>\t\t\t\t\t\t\t\t<\/div>\n\t\t\t\t<\/div>\n\t\t\t\t\t<\/div>\n\t\t<\/div>\n\t\t\t\t<div class=\"elementor-column elementor-col-50 elementor-top-column elementor-element elementor-element-22565eb\" data-id=\"22565eb\" data-element_type=\"column\">\n\t\t\t<div class=\"elementor-widget-wrap elementor-element-populated\">\n\t\t\t\t\t\t<div class=\"elementor-element elementor-element-561fe53 elementor-pagination-position-inside slide_info elementor-widget elementor-widget-image-carousel\" data-id=\"561fe53\" data-element_type=\"widget\" data-settings=\"{&quot;slides_to_show&quot;:&quot;1&quot;,&quot;navigation&quot;:&quot;dots&quot;,&quot;autoplay&quot;:&quot;yes&quot;,&quot;pause_on_hover&quot;:&quot;yes&quot;,&quot;pause_on_interaction&quot;:&quot;yes&quot;,&quot;autoplay_speed&quot;:5000,&quot;infinite&quot;:&quot;yes&quot;,&quot;effect&quot;:&quot;slide&quot;,&quot;speed&quot;:500}\" data-widget_type=\"image-carousel.default\">\n\t\t\t\t<div class=\"elementor-widget-container\">\n\t\t\t\t\t\t\t<div class=\"elementor-image-carousel-wrapper swiper\" role=\"region\" aria-roledescription=\"carousel\" aria-label=\"Image Carousel\" dir=\"ltr\">\n\t\t\t<div class=\"elementor-image-carousel swiper-wrapper swiper-image-stretch\" aria-live=\"off\">\n\t\t\t\t\t\t\t\t<div class=\"swiper-slide\" role=\"group\" aria-roledescription=\"slide\" aria-label=\"1 von 3\"><figure class=\"swiper-slide-inner\"><img decoding=\"async\" class=\"swiper-slide-image\" src=\"https:\/\/giovanniepaolo.it\/wp-content\/uploads\/2023\/05\/Locanda-SS.Giovanni-e-Paolo_47.jpg\" alt=\"Locanda-SS.Giovanni-e-Paolo_47\" \/><\/figure><\/div><div class=\"swiper-slide\" role=\"group\" aria-roledescription=\"slide\" aria-label=\"2 von 3\"><figure class=\"swiper-slide-inner\"><img decoding=\"async\" class=\"swiper-slide-image\" src=\"https:\/\/giovanniepaolo.it\/wp-content\/uploads\/2023\/05\/Locanda-SSgiovanniepaolo.jpg\" alt=\"Locanda-SSgiovanniepaolo\" \/><\/figure><\/div><div class=\"swiper-slide\" role=\"group\" aria-roledescription=\"slide\" aria-label=\"3 von 3\"><figure class=\"swiper-slide-inner\"><img decoding=\"async\" class=\"swiper-slide-image\" src=\"https:\/\/giovanniepaolo.it\/wp-content\/uploads\/2023\/05\/Locanda-SSgiovanniepaolo-1.jpg\" alt=\"Locanda-SSgiovanniepaolo-1\" \/><\/figure><\/div>\t\t\t<\/div>\n\t\t\t\t\t\t\t\n\t\t\t\t\t\t\t\t\t<div class=\"swiper-pagination\"><\/div>\n\t\t\t\t\t\t\t\t\t<\/div>\n\t\t\t\t\t\t<\/div>\n\t\t\t\t<\/div>\n\t\t\t\t\t<\/div>\n\t\t<\/div>\n\t\t\t\t\t<\/div>\n\t\t<\/section>\n\t\t\t\t<\/div>\n\t\t","protected":false},"excerpt":{"rendered":"<p>ANFAHRT ALLOGGI SS GIOVANNI E PAOLO ADRESSE Castello (Calle dell\u2019Ospedaleto) 640130122 Venezia Um unseren Beherbergungsbetrieb mittels Google Maps zu finden, klicken Sie auf den folgenden Link: https:\/\/maps.app.goo.gl\/3pK1NukeketDPYD29 LAGEBESCHREIBUNG Die n\u00e4chstgelegene Vaporetto-Haltestelle hei\u00dft \u201eOspedale\u201c und ist mit dem Vaporetto (Wasserbus) 5.2 vom Piazzale Roma\/Bahnhof Santa Lucia aus erreichbar. Unser Hotel verf\u00fcgt \u00fcber keinen Parkplatz, da wir [&hellip;]<\/p>\n","protected":false},"author":1,"featured_media":0,"parent":0,"menu_order":0,"comment_status":"closed","ping_status":"closed","template":"","meta":{"inline_featured_image":false,"footnotes":""},"class_list":["post-1323","page","type-page","status-publish","hentry"],"yoast_head":"<!-- This site is optimized with the Yoast SEO plugin v25.0 - https:\/\/yoast.com\/wordpress\/plugins\/seo\/ -->\n<title>ANFAHRT - ALLOGGI SS GIOVANNI E PAOLO<\/title>\n<meta name=\"robots\" content=\"index, follow, max-snippet:-1, max-image-preview:large, max-video-preview:-1\" \/>\n<link rel=\"canonical\" href=\"https:\/\/giovanniepaolo.it\/de\/unser-standort\/\" \/>\n<meta property=\"og:locale\" content=\"de_DE\" \/>\n<meta property=\"og:type\" content=\"article\" \/>\n<meta property=\"og:title\" content=\"ANFAHRT - ALLOGGI SS GIOVANNI E PAOLO\" \/>\n<meta property=\"og:description\" content=\"ANFAHRT ALLOGGI SS GIOVANNI E PAOLO ADRESSE Castello (Calle dell\u2019Ospedaleto) 640130122 Venezia Um unseren Beherbergungsbetrieb mittels Google Maps zu finden, klicken Sie auf den folgenden Link: https:\/\/maps.app.goo.gl\/3pK1NukeketDPYD29 LAGEBESCHREIBUNG Die n\u00e4chstgelegene Vaporetto-Haltestelle hei\u00dft \u201eOspedale\u201c und ist mit dem Vaporetto (Wasserbus) 5.2 vom Piazzale Roma\/Bahnhof Santa Lucia aus erreichbar. Unser Hotel verf\u00fcgt \u00fcber keinen Parkplatz, da wir [&hellip;]\" \/>\n<meta property=\"og:url\" content=\"https:\/\/giovanniepaolo.it\/de\/unser-standort\/\" \/>\n<meta property=\"og:site_name\" content=\"ALLOGGI SS GIOVANNI E PAOLO\" \/>\n<meta property=\"article:modified_time\" content=\"2025-10-07T08:03:51+00:00\" \/>\n<meta property=\"og:image\" content=\"https:\/\/giovanniepaolo.it\/wp-content\/uploads\/2023\/05\/slide-principale.jpg\" \/>\n<meta name=\"twitter:card\" content=\"summary_large_image\" \/>\n<meta name=\"twitter:label1\" content=\"Gesch\u00e4tzte Lesezeit\" \/>\n\t<meta name=\"twitter:data1\" content=\"2\u00a0Minuten\" \/>\n<script type=\"application\/ld+json\" class=\"yoast-schema-graph\">{\"@context\":\"https:\/\/schema.org\",\"@graph\":[{\"@type\":\"WebPage\",\"@id\":\"https:\/\/giovanniepaolo.it\/de\/unser-standort\/\",\"url\":\"https:\/\/giovanniepaolo.it\/de\/unser-standort\/\",\"name\":\"ANFAHRT - ALLOGGI SS GIOVANNI E PAOLO\",\"isPartOf\":{\"@id\":\"https:\/\/giovanniepaolo.it\/es\/#website\"},\"primaryImageOfPage\":{\"@id\":\"https:\/\/giovanniepaolo.it\/de\/unser-standort\/#primaryimage\"},\"image\":{\"@id\":\"https:\/\/giovanniepaolo.it\/de\/unser-standort\/#primaryimage\"},\"thumbnailUrl\":\"https:\/\/giovanniepaolo.it\/wp-content\/uploads\/2023\/05\/slide-principale.jpg\",\"datePublished\":\"2023-05-22T10:25:39+00:00\",\"dateModified\":\"2025-10-07T08:03:51+00:00\",\"breadcrumb\":{\"@id\":\"https:\/\/giovanniepaolo.it\/de\/unser-standort\/#breadcrumb\"},\"inLanguage\":\"de\",\"potentialAction\":[{\"@type\":\"ReadAction\",\"target\":[\"https:\/\/giovanniepaolo.it\/de\/unser-standort\/\"]}]},{\"@type\":\"ImageObject\",\"inLanguage\":\"de\",\"@id\":\"https:\/\/giovanniepaolo.it\/de\/unser-standort\/#primaryimage\",\"url\":\"https:\/\/giovanniepaolo.it\/wp-content\/uploads\/2023\/05\/slide-principale.jpg\",\"contentUrl\":\"https:\/\/giovanniepaolo.it\/wp-content\/uploads\/2023\/05\/slide-principale.jpg\"},{\"@type\":\"BreadcrumbList\",\"@id\":\"https:\/\/giovanniepaolo.it\/de\/unser-standort\/#breadcrumb\",\"itemListElement\":[{\"@type\":\"ListItem\",\"position\":1,\"name\":\"Home\",\"item\":\"https:\/\/giovanniepaolo.it\/de\/\"},{\"@type\":\"ListItem\",\"position\":2,\"name\":\"ANFAHRT\"}]},{\"@type\":\"WebSite\",\"@id\":\"https:\/\/giovanniepaolo.it\/es\/#website\",\"url\":\"https:\/\/giovanniepaolo.it\/es\/\",\"name\":\"ALLOGGI SS GIOVANNI E PAOLO\",\"description\":\"Private rooms in Venice\",\"publisher\":{\"@id\":\"https:\/\/giovanniepaolo.it\/es\/#organization\"},\"potentialAction\":[{\"@type\":\"SearchAction\",\"target\":{\"@type\":\"EntryPoint\",\"urlTemplate\":\"https:\/\/giovanniepaolo.it\/es\/?s={search_term_string}\"},\"query-input\":{\"@type\":\"PropertyValueSpecification\",\"valueRequired\":true,\"valueName\":\"search_term_string\"}}],\"inLanguage\":\"de\"},{\"@type\":\"Organization\",\"@id\":\"https:\/\/giovanniepaolo.it\/es\/#organization\",\"name\":\"ALLOGGI SS GIOVANNI E PAOLO\",\"url\":\"https:\/\/giovanniepaolo.it\/es\/\",\"logo\":{\"@type\":\"ImageObject\",\"inLanguage\":\"de\",\"@id\":\"https:\/\/giovanniepaolo.it\/es\/#\/schema\/logo\/image\/\",\"url\":\"https:\/\/giovanniepaolo.it\/wp-content\/uploads\/2023\/10\/Icon.png\",\"contentUrl\":\"https:\/\/giovanniepaolo.it\/wp-content\/uploads\/2023\/10\/Icon.png\",\"width\":441,\"height\":149,\"caption\":\"ALLOGGI SS GIOVANNI E PAOLO\"},\"image\":{\"@id\":\"https:\/\/giovanniepaolo.it\/es\/#\/schema\/logo\/image\/\"}}]}<\/script>\n<!-- \/ Yoast SEO plugin. -->","yoast_head_json":{"title":"ANFAHRT - ALLOGGI SS GIOVANNI E PAOLO","robots":{"index":"index","follow":"follow","max-snippet":"max-snippet:-1","max-image-preview":"max-image-preview:large","max-video-preview":"max-video-preview:-1"},"canonical":"https:\/\/giovanniepaolo.it\/de\/unser-standort\/","og_locale":"de_DE","og_type":"article","og_title":"ANFAHRT - ALLOGGI SS GIOVANNI E PAOLO","og_description":"ANFAHRT ALLOGGI SS GIOVANNI E PAOLO ADRESSE Castello (Calle dell\u2019Ospedaleto) 640130122 Venezia Um unseren Beherbergungsbetrieb mittels Google Maps zu finden, klicken Sie auf den folgenden Link: https:\/\/maps.app.goo.gl\/3pK1NukeketDPYD29 LAGEBESCHREIBUNG Die n\u00e4chstgelegene Vaporetto-Haltestelle hei\u00dft \u201eOspedale\u201c und ist mit dem Vaporetto (Wasserbus) 5.2 vom Piazzale Roma\/Bahnhof Santa Lucia aus erreichbar. Unser Hotel verf\u00fcgt \u00fcber keinen Parkplatz, da wir [&hellip;]","og_url":"https:\/\/giovanniepaolo.it\/de\/unser-standort\/","og_site_name":"ALLOGGI SS GIOVANNI E PAOLO","article_modified_time":"2025-10-07T08:03:51+00:00","og_image":[{"url":"https:\/\/giovanniepaolo.it\/wp-content\/uploads\/2023\/05\/slide-principale.jpg","type":"","width":"","height":""}],"twitter_card":"summary_large_image","twitter_misc":{"Gesch\u00e4tzte Lesezeit":"2\u00a0Minuten"},"schema":{"@context":"https:\/\/schema.org","@graph":[{"@type":"WebPage","@id":"https:\/\/giovanniepaolo.it\/de\/unser-standort\/","url":"https:\/\/giovanniepaolo.it\/de\/unser-standort\/","name":"ANFAHRT - ALLOGGI SS GIOVANNI E PAOLO","isPartOf":{"@id":"https:\/\/giovanniepaolo.it\/es\/#website"},"primaryImageOfPage":{"@id":"https:\/\/giovanniepaolo.it\/de\/unser-standort\/#primaryimage"},"image":{"@id":"https:\/\/giovanniepaolo.it\/de\/unser-standort\/#primaryimage"},"thumbnailUrl":"https:\/\/giovanniepaolo.it\/wp-content\/uploads\/2023\/05\/slide-principale.jpg","datePublished":"2023-05-22T10:25:39+00:00","dateModified":"2025-10-07T08:03:51+00:00","breadcrumb":{"@id":"https:\/\/giovanniepaolo.it\/de\/unser-standort\/#breadcrumb"},"inLanguage":"de","potentialAction":[{"@type":"ReadAction","target":["https:\/\/giovanniepaolo.it\/de\/unser-standort\/"]}]},{"@type":"ImageObject","inLanguage":"de","@id":"https:\/\/giovanniepaolo.it\/de\/unser-standort\/#primaryimage","url":"https:\/\/giovanniepaolo.it\/wp-content\/uploads\/2023\/05\/slide-principale.jpg","contentUrl":"https:\/\/giovanniepaolo.it\/wp-content\/uploads\/2023\/05\/slide-principale.jpg"},{"@type":"BreadcrumbList","@id":"https:\/\/giovanniepaolo.it\/de\/unser-standort\/#breadcrumb","itemListElement":[{"@type":"ListItem","position":1,"name":"Home","item":"https:\/\/giovanniepaolo.it\/de\/"},{"@type":"ListItem","position":2,"name":"ANFAHRT"}]},{"@type":"WebSite","@id":"https:\/\/giovanniepaolo.it\/es\/#website","url":"https:\/\/giovanniepaolo.it\/es\/","name":"ALLOGGI SS GIOVANNI E PAOLO","description":"Private rooms in Venice","publisher":{"@id":"https:\/\/giovanniepaolo.it\/es\/#organization"},"potentialAction":[{"@type":"SearchAction","target":{"@type":"EntryPoint","urlTemplate":"https:\/\/giovanniepaolo.it\/es\/?s={search_term_string}"},"query-input":{"@type":"PropertyValueSpecification","valueRequired":true,"valueName":"search_term_string"}}],"inLanguage":"de"},{"@type":"Organization","@id":"https:\/\/giovanniepaolo.it\/es\/#organization","name":"ALLOGGI SS GIOVANNI E PAOLO","url":"https:\/\/giovanniepaolo.it\/es\/","logo":{"@type":"ImageObject","inLanguage":"de","@id":"https:\/\/giovanniepaolo.it\/es\/#\/schema\/logo\/image\/","url":"https:\/\/giovanniepaolo.it\/wp-content\/uploads\/2023\/10\/Icon.png","contentUrl":"https:\/\/giovanniepaolo.it\/wp-content\/uploads\/2023\/10\/Icon.png","width":441,"height":149,"caption":"ALLOGGI SS GIOVANNI E PAOLO"},"image":{"@id":"https:\/\/giovanniepaolo.it\/es\/#\/schema\/logo\/image\/"}}]}},"_links":{"self":[{"href":"https:\/\/giovanniepaolo.it\/de\/wp-json\/wp\/v2\/pages\/1323","targetHints":{"allow":["GET"]}}],"collection":[{"href":"https:\/\/giovanniepaolo.it\/de\/wp-json\/wp\/v2\/pages"}],"about":[{"href":"https:\/\/giovanniepaolo.it\/de\/wp-json\/wp\/v2\/types\/page"}],"author":[{"embeddable":true,"href":"https:\/\/giovanniepaolo.it\/de\/wp-json\/wp\/v2\/users\/1"}],"replies":[{"embeddable":true,"href":"https:\/\/giovanniepaolo.it\/de\/wp-json\/wp\/v2\/comments?post=1323"}],"version-history":[{"count":20,"href":"https:\/\/giovanniepaolo.it\/de\/wp-json\/wp\/v2\/pages\/1323\/revisions"}],"predecessor-version":[{"id":3611,"href":"https:\/\/giovanniepaolo.it\/de\/wp-json\/wp\/v2\/pages\/1323\/revisions\/3611"}],"wp:attachment":[{"href":"https:\/\/giovanniepaolo.it\/de\/wp-json\/wp\/v2\/media?parent=1323"}],"curies":[{"name":"wp","href":"https:\/\/api.w.org\/{rel}","templated":true}]}}