{"id":1340,"date":"2023-05-22T12:13:22","date_gmt":"2023-05-22T10:13:22","guid":{"rendered":"https:\/\/www.giovanniepaolo.it\/tariffe-prenotazioni\/"},"modified":"2025-12-02T15:06:45","modified_gmt":"2025-12-02T14:06:45","slug":"tarifas-y-reservas","status":"publish","type":"page","link":"https:\/\/giovanniepaolo.it\/es\/tarifas-y-reservas\/","title":{"rendered":"RESERVAS"},"content":{"rendered":"\t\t<div data-elementor-type=\"wp-page\" data-elementor-id=\"1340\" class=\"elementor elementor-1340\" data-elementor-post-type=\"page\">\n\t\t\t\t\t\t<section class=\"elementor-section elementor-top-section elementor-element elementor-element-d61d89d elementor-section-full_width elementor-section-height-default elementor-section-height-default\" data-id=\"d61d89d\" data-element_type=\"section\" data-settings=\"{&quot;background_background&quot;:&quot;classic&quot;}\">\n\t\t\t\t\t\t<div class=\"elementor-container elementor-column-gap-default\">\n\t\t\t\t\t<div class=\"elementor-column elementor-col-100 elementor-top-column elementor-element elementor-element-83c6b63\" data-id=\"83c6b63\" data-element_type=\"column\" data-settings=\"{&quot;background_background&quot;:&quot;classic&quot;}\">\n\t\t\t<div class=\"elementor-widget-wrap elementor-element-populated\">\n\t\t\t\t\t\t<div class=\"elementor-element elementor-element-d539339 elementor-widget elementor-widget-image\" data-id=\"d539339\" data-element_type=\"widget\" data-widget_type=\"image.default\">\n\t\t\t\t<div class=\"elementor-widget-container\">\n\t\t\t\t\t\t\t\t\t\t\t\t\t\t\t<img fetchpriority=\"high\" decoding=\"async\" width=\"2000\" height=\"1333\" src=\"https:\/\/giovanniepaolo.it\/wp-content\/uploads\/2023\/05\/locanda-ss-giovanni-e-paolo.jpg\" class=\"attachment-full size-full wp-image-946\" alt=\"\" srcset=\"https:\/\/giovanniepaolo.it\/wp-content\/uploads\/2023\/05\/locanda-ss-giovanni-e-paolo.jpg 2000w, https:\/\/giovanniepaolo.it\/wp-content\/uploads\/2023\/05\/locanda-ss-giovanni-e-paolo-300x200.jpg 300w, https:\/\/giovanniepaolo.it\/wp-content\/uploads\/2023\/05\/locanda-ss-giovanni-e-paolo-1024x682.jpg 1024w, https:\/\/giovanniepaolo.it\/wp-content\/uploads\/2023\/05\/locanda-ss-giovanni-e-paolo-768x512.jpg 768w, https:\/\/giovanniepaolo.it\/wp-content\/uploads\/2023\/05\/locanda-ss-giovanni-e-paolo-1536x1024.jpg 1536w\" sizes=\"(max-width: 2000px) 100vw, 2000px\" \/>\t\t\t\t\t\t\t\t\t\t\t\t\t\t\t<\/div>\n\t\t\t\t<\/div>\n\t\t\t\t<section class=\"elementor-section elementor-inner-section elementor-element elementor-element-68027fb elementor-section-boxed elementor-section-height-default elementor-section-height-default\" data-id=\"68027fb\" data-element_type=\"section\" data-settings=\"{&quot;background_background&quot;:&quot;classic&quot;}\">\n\t\t\t\t\t\t\t<div class=\"elementor-background-overlay\"><\/div>\n\t\t\t\t\t\t\t<div class=\"elementor-container elementor-column-gap-default\">\n\t\t\t\t\t<div class=\"elementor-column elementor-col-100 elementor-inner-column elementor-element elementor-element-d9d4aa8\" data-id=\"d9d4aa8\" data-element_type=\"column\" data-settings=\"{&quot;background_background&quot;:&quot;classic&quot;}\">\n\t\t\t<div class=\"elementor-widget-wrap elementor-element-populated\">\n\t\t\t\t\t<div class=\"elementor-background-overlay\"><\/div>\n\t\t\t\t\t\t<div class=\"elementor-element elementor-element-09f9b80 elementor-widget elementor-widget-text-editor\" data-id=\"09f9b80\" data-element_type=\"widget\" data-widget_type=\"text-editor.default\">\n\t\t\t\t<div class=\"elementor-widget-container\">\n\t\t\t\t\t\t\t\t\t<p>TARIFAS Y RESERVAS<\/p>\t\t\t\t\t\t\t\t<\/div>\n\t\t\t\t<\/div>\n\t\t\t\t<div class=\"elementor-element elementor-element-f7a6bf8 elementor-widget elementor-widget-text-editor\" data-id=\"f7a6bf8\" data-element_type=\"widget\" data-widget_type=\"text-editor.default\">\n\t\t\t\t<div class=\"elementor-widget-container\">\n\t\t\t\t\t\t\t\t\tALLOGGI SS GIOVANNI E PAOLO\t\t\t\t\t\t\t\t<\/div>\n\t\t\t\t<\/div>\n\t\t\t\t\t<\/div>\n\t\t<\/div>\n\t\t\t\t\t<\/div>\n\t\t<\/section>\n\t\t\t\t\t<\/div>\n\t\t<\/div>\n\t\t\t\t\t<\/div>\n\t\t<\/section>\n\t\t\t\t<section class=\"elementor-section elementor-top-section elementor-element elementor-element-e544399 elementor-section-boxed elementor-section-height-default elementor-section-height-default\" data-id=\"e544399\" data-element_type=\"section\" data-settings=\"{&quot;background_background&quot;:&quot;classic&quot;}\">\n\t\t\t\t\t\t\t<div class=\"elementor-background-overlay\"><\/div>\n\t\t\t\t\t\t\t<div class=\"elementor-container elementor-column-gap-default\">\n\t\t\t\t\t<div class=\"elementor-column elementor-col-100 elementor-top-column elementor-element elementor-element-f035824\" data-id=\"f035824\" data-element_type=\"column\">\n\t\t\t<div class=\"elementor-widget-wrap elementor-element-populated\">\n\t\t\t\t\t\t<div class=\"elementor-element elementor-element-4597ae6 elementor-widget elementor-widget-text-editor\" data-id=\"4597ae6\" data-element_type=\"widget\" data-widget_type=\"text-editor.default\">\n\t\t\t\t<div class=\"elementor-widget-container\">\n\t\t\t\t\t\t\t\t\t<p>En esta secci\u00f3n podr\u00e1s reservar tu alojamiento al mejor precio, ahorrando hasta un 20% respecto a los precios solicitados por sitios de reserva de terceros.<\/p><p><span style=\"text-decoration: underline;\"><strong>Entrada<\/strong><\/span>: 15-19 h.<\/p><p>Para check-in tard\u00edo entre las 19 y las 21 horas hay un suplemento de 25\u20ac. Todas las solicitudes de llegada tard\u00eda deben ser confirmadas por nuestra propiedad. No es posible hacer el check-in despu\u00e9s de las 21h, ni siquiera pagando un suplemento porque no disponemos de portero nocturno.<\/p><p><strong><span style=\"text-decoration: underline;\">Tenga en cuenta<\/span><\/strong>: despu\u00e9s de reservar, recibir\u00e1 un enlace de pago que lo dirigir\u00e1 a una plataforma de pago segura. Nuestra propiedad solo confirmar\u00e1 definitivamente la reserva despu\u00e9s de que usted haya pagado el precio de la reserva, lo que debe hacerse dentro de las 24 horas posteriores a la recepci\u00f3n del enlace. Para reservas el mismo d\u00eda, el pago debe realizarse inmediatamente despu\u00e9s del env\u00edo del enlace.<\/p><p>A continuaci\u00f3n podr\u00e1 seleccionar su estancia introduciendo todos los datos en el motor de reservas.<\/p><p>Si no encuentra una propuesta adecuada en nuestro sitio, le recomendamos que consulte las propuestas en <a href=\"http:\/\/www.booking-venice.com\">www.booking-venice.com<\/a>.<\/p>\t\t\t\t\t\t\t\t<\/div>\n\t\t\t\t<\/div>\n\t\t\t\t\t<\/div>\n\t\t<\/div>\n\t\t\t\t\t<\/div>\n\t\t<\/section>\n\t\t\t\t<section class=\"elementor-section elementor-top-section elementor-element elementor-element-6b2db21 elementor-section-boxed elementor-section-height-default elementor-section-height-default\" data-id=\"6b2db21\" data-element_type=\"section\">\n\t\t\t\t\t\t<div class=\"elementor-container elementor-column-gap-default\">\n\t\t\t\t\t<div class=\"elementor-column elementor-col-100 elementor-top-column elementor-element elementor-element-c6ced34\" data-id=\"c6ced34\" data-element_type=\"column\">\n\t\t\t<div class=\"elementor-widget-wrap elementor-element-populated\">\n\t\t\t\t\t\t<div class=\"elementor-element elementor-element-d199d59 elementor-widget elementor-widget-html\" data-id=\"d199d59\" data-element_type=\"widget\" data-widget_type=\"html.default\">\n\t\t\t\t<div class=\"elementor-widget-container\">\n\t\t\t\t\t<link href=\"https:\/\/cdn.ciaobooking.com\/widget\/css\/app.css\" rel=\"stylesheet\"\/> <ciaobooking-widget property-id=\"146342\" host=\"https:\/\/giovanniepaolo.bookpage.io\" radius=\"3px\" with-children=\"false\" primary-color=\"#B69F92C7\" new-page=\"true\" expanded-occupation=\"false\" with-shadow=\"true\" alternative-submit=\"true\" is-dropdown=\"false\" font-family=\"Montserrat\" with-destinations=\"false\" booking-network-id=\"1309\" ><\/ciaobooking-widget> <script src=\"https:\/\/cdn.ciaobooking.com\/widget\/js\/app.js\"><\/script>\t\t\t\t<\/div>\n\t\t\t\t<\/div>\n\t\t\t\t\t<\/div>\n\t\t<\/div>\n\t\t\t\t\t<\/div>\n\t\t<\/section>\n\t\t\t\t<\/div>\n\t\t","protected":false},"excerpt":{"rendered":"<p>TARIFAS Y RESERVAS ALLOGGI SS GIOVANNI E PAOLO En esta secci\u00f3n podr\u00e1s reservar tu alojamiento al mejor precio, ahorrando hasta un 20% respecto a los precios solicitados por sitios de reserva de terceros. Entrada: 15-19 h. Para check-in tard\u00edo entre las 19 y las 21 horas hay un suplemento de 25\u20ac. Todas las solicitudes de [&hellip;]<\/p>\n","protected":false},"author":1,"featured_media":0,"parent":0,"menu_order":0,"comment_status":"closed","ping_status":"closed","template":"","meta":{"inline_featured_image":false,"footnotes":""},"class_list":["post-1340","page","type-page","status-publish","hentry"],"yoast_head":"<!-- This site is optimized with the Yoast SEO plugin v25.0 - https:\/\/yoast.com\/wordpress\/plugins\/seo\/ -->\n<title>RESERVAS - ALLOGGI SS GIOVANNI E PAOLO<\/title>\n<meta name=\"robots\" content=\"index, follow, max-snippet:-1, max-image-preview:large, max-video-preview:-1\" \/>\n<link rel=\"canonical\" href=\"http:\/\/giovanniepaolo.it\/es\/tarifas-y-reservas\/\" \/>\n<meta property=\"og:locale\" content=\"es_ES\" \/>\n<meta property=\"og:type\" content=\"article\" \/>\n<meta property=\"og:title\" content=\"RESERVAS - ALLOGGI SS GIOVANNI E PAOLO\" \/>\n<meta property=\"og:description\" content=\"TARIFAS Y RESERVAS ALLOGGI SS GIOVANNI E PAOLO En esta secci\u00f3n podr\u00e1s reservar tu alojamiento al mejor precio, ahorrando hasta un 20% respecto a los precios solicitados por sitios de reserva de terceros. Entrada: 15-19 h. Para check-in tard\u00edo entre las 19 y las 21 horas hay un suplemento de 25\u20ac. Todas las solicitudes de [&hellip;]\" \/>\n<meta property=\"og:url\" content=\"http:\/\/giovanniepaolo.it\/es\/tarifas-y-reservas\/\" \/>\n<meta property=\"og:site_name\" content=\"ALLOGGI SS GIOVANNI E PAOLO\" \/>\n<meta property=\"article:modified_time\" content=\"2025-12-02T14:06:45+00:00\" \/>\n<meta property=\"og:image\" content=\"http:\/\/giovanniepaolo.it\/wp-content\/uploads\/2023\/05\/locanda-ss-giovanni-e-paolo.jpg\" \/>\n<meta name=\"twitter:card\" content=\"summary_large_image\" \/>\n<meta name=\"twitter:label1\" content=\"Tiempo de lectura\" \/>\n\t<meta name=\"twitter:data1\" content=\"2 minutos\" \/>\n<script type=\"application\/ld+json\" class=\"yoast-schema-graph\">{\"@context\":\"https:\/\/schema.org\",\"@graph\":[{\"@type\":\"WebPage\",\"@id\":\"http:\/\/giovanniepaolo.it\/es\/tarifas-y-reservas\/\",\"url\":\"http:\/\/giovanniepaolo.it\/es\/tarifas-y-reservas\/\",\"name\":\"RESERVAS - ALLOGGI SS GIOVANNI E PAOLO\",\"isPartOf\":{\"@id\":\"https:\/\/giovanniepaolo.it\/es\/#website\"},\"primaryImageOfPage\":{\"@id\":\"http:\/\/giovanniepaolo.it\/es\/tarifas-y-reservas\/#primaryimage\"},\"image\":{\"@id\":\"http:\/\/giovanniepaolo.it\/es\/tarifas-y-reservas\/#primaryimage\"},\"thumbnailUrl\":\"http:\/\/giovanniepaolo.it\/wp-content\/uploads\/2023\/05\/locanda-ss-giovanni-e-paolo.jpg\",\"datePublished\":\"2023-05-22T10:13:22+00:00\",\"dateModified\":\"2025-12-02T14:06:45+00:00\",\"breadcrumb\":{\"@id\":\"http:\/\/giovanniepaolo.it\/es\/tarifas-y-reservas\/#breadcrumb\"},\"inLanguage\":\"es\",\"potentialAction\":[{\"@type\":\"ReadAction\",\"target\":[\"http:\/\/giovanniepaolo.it\/es\/tarifas-y-reservas\/\"]}]},{\"@type\":\"ImageObject\",\"inLanguage\":\"es\",\"@id\":\"http:\/\/giovanniepaolo.it\/es\/tarifas-y-reservas\/#primaryimage\",\"url\":\"http:\/\/giovanniepaolo.it\/wp-content\/uploads\/2023\/05\/locanda-ss-giovanni-e-paolo.jpg\",\"contentUrl\":\"http:\/\/giovanniepaolo.it\/wp-content\/uploads\/2023\/05\/locanda-ss-giovanni-e-paolo.jpg\"},{\"@type\":\"BreadcrumbList\",\"@id\":\"http:\/\/giovanniepaolo.it\/es\/tarifas-y-reservas\/#breadcrumb\",\"itemListElement\":[{\"@type\":\"ListItem\",\"position\":1,\"name\":\"Home\",\"item\":\"https:\/\/giovanniepaolo.it\/es\/\"},{\"@type\":\"ListItem\",\"position\":2,\"name\":\"RESERVAS\"}]},{\"@type\":\"WebSite\",\"@id\":\"https:\/\/giovanniepaolo.it\/es\/#website\",\"url\":\"https:\/\/giovanniepaolo.it\/es\/\",\"name\":\"ALLOGGI SS GIOVANNI E PAOLO\",\"description\":\"Private rooms in Venice\",\"publisher\":{\"@id\":\"https:\/\/giovanniepaolo.it\/es\/#organization\"},\"potentialAction\":[{\"@type\":\"SearchAction\",\"target\":{\"@type\":\"EntryPoint\",\"urlTemplate\":\"https:\/\/giovanniepaolo.it\/es\/?s={search_term_string}\"},\"query-input\":{\"@type\":\"PropertyValueSpecification\",\"valueRequired\":true,\"valueName\":\"search_term_string\"}}],\"inLanguage\":\"es\"},{\"@type\":\"Organization\",\"@id\":\"https:\/\/giovanniepaolo.it\/es\/#organization\",\"name\":\"ALLOGGI SS GIOVANNI E PAOLO\",\"url\":\"https:\/\/giovanniepaolo.it\/es\/\",\"logo\":{\"@type\":\"ImageObject\",\"inLanguage\":\"es\",\"@id\":\"https:\/\/giovanniepaolo.it\/es\/#\/schema\/logo\/image\/\",\"url\":\"https:\/\/giovanniepaolo.it\/wp-content\/uploads\/2023\/10\/Icon.png\",\"contentUrl\":\"https:\/\/giovanniepaolo.it\/wp-content\/uploads\/2023\/10\/Icon.png\",\"width\":441,\"height\":149,\"caption\":\"ALLOGGI SS GIOVANNI E PAOLO\"},\"image\":{\"@id\":\"https:\/\/giovanniepaolo.it\/es\/#\/schema\/logo\/image\/\"}}]}<\/script>\n<!-- \/ Yoast SEO plugin. -->","yoast_head_json":{"title":"RESERVAS - ALLOGGI SS GIOVANNI E PAOLO","robots":{"index":"index","follow":"follow","max-snippet":"max-snippet:-1","max-image-preview":"max-image-preview:large","max-video-preview":"max-video-preview:-1"},"canonical":"http:\/\/giovanniepaolo.it\/es\/tarifas-y-reservas\/","og_locale":"es_ES","og_type":"article","og_title":"RESERVAS - ALLOGGI SS GIOVANNI E PAOLO","og_description":"TARIFAS Y RESERVAS ALLOGGI SS GIOVANNI E PAOLO En esta secci\u00f3n podr\u00e1s reservar tu alojamiento al mejor precio, ahorrando hasta un 20% respecto a los precios solicitados por sitios de reserva de terceros. Entrada: 15-19 h. Para check-in tard\u00edo entre las 19 y las 21 horas hay un suplemento de 25\u20ac. Todas las solicitudes de [&hellip;]","og_url":"http:\/\/giovanniepaolo.it\/es\/tarifas-y-reservas\/","og_site_name":"ALLOGGI SS GIOVANNI E PAOLO","article_modified_time":"2025-12-02T14:06:45+00:00","og_image":[{"url":"http:\/\/giovanniepaolo.it\/wp-content\/uploads\/2023\/05\/locanda-ss-giovanni-e-paolo.jpg","type":"","width":"","height":""}],"twitter_card":"summary_large_image","twitter_misc":{"Tiempo de lectura":"2 minutos"},"schema":{"@context":"https:\/\/schema.org","@graph":[{"@type":"WebPage","@id":"http:\/\/giovanniepaolo.it\/es\/tarifas-y-reservas\/","url":"http:\/\/giovanniepaolo.it\/es\/tarifas-y-reservas\/","name":"RESERVAS - ALLOGGI SS GIOVANNI E PAOLO","isPartOf":{"@id":"https:\/\/giovanniepaolo.it\/es\/#website"},"primaryImageOfPage":{"@id":"http:\/\/giovanniepaolo.it\/es\/tarifas-y-reservas\/#primaryimage"},"image":{"@id":"http:\/\/giovanniepaolo.it\/es\/tarifas-y-reservas\/#primaryimage"},"thumbnailUrl":"http:\/\/giovanniepaolo.it\/wp-content\/uploads\/2023\/05\/locanda-ss-giovanni-e-paolo.jpg","datePublished":"2023-05-22T10:13:22+00:00","dateModified":"2025-12-02T14:06:45+00:00","breadcrumb":{"@id":"http:\/\/giovanniepaolo.it\/es\/tarifas-y-reservas\/#breadcrumb"},"inLanguage":"es","potentialAction":[{"@type":"ReadAction","target":["http:\/\/giovanniepaolo.it\/es\/tarifas-y-reservas\/"]}]},{"@type":"ImageObject","inLanguage":"es","@id":"http:\/\/giovanniepaolo.it\/es\/tarifas-y-reservas\/#primaryimage","url":"http:\/\/giovanniepaolo.it\/wp-content\/uploads\/2023\/05\/locanda-ss-giovanni-e-paolo.jpg","contentUrl":"http:\/\/giovanniepaolo.it\/wp-content\/uploads\/2023\/05\/locanda-ss-giovanni-e-paolo.jpg"},{"@type":"BreadcrumbList","@id":"http:\/\/giovanniepaolo.it\/es\/tarifas-y-reservas\/#breadcrumb","itemListElement":[{"@type":"ListItem","position":1,"name":"Home","item":"https:\/\/giovanniepaolo.it\/es\/"},{"@type":"ListItem","position":2,"name":"RESERVAS"}]},{"@type":"WebSite","@id":"https:\/\/giovanniepaolo.it\/es\/#website","url":"https:\/\/giovanniepaolo.it\/es\/","name":"ALLOGGI SS GIOVANNI E PAOLO","description":"Private rooms in Venice","publisher":{"@id":"https:\/\/giovanniepaolo.it\/es\/#organization"},"potentialAction":[{"@type":"SearchAction","target":{"@type":"EntryPoint","urlTemplate":"https:\/\/giovanniepaolo.it\/es\/?s={search_term_string}"},"query-input":{"@type":"PropertyValueSpecification","valueRequired":true,"valueName":"search_term_string"}}],"inLanguage":"es"},{"@type":"Organization","@id":"https:\/\/giovanniepaolo.it\/es\/#organization","name":"ALLOGGI SS GIOVANNI E PAOLO","url":"https:\/\/giovanniepaolo.it\/es\/","logo":{"@type":"ImageObject","inLanguage":"es","@id":"https:\/\/giovanniepaolo.it\/es\/#\/schema\/logo\/image\/","url":"https:\/\/giovanniepaolo.it\/wp-content\/uploads\/2023\/10\/Icon.png","contentUrl":"https:\/\/giovanniepaolo.it\/wp-content\/uploads\/2023\/10\/Icon.png","width":441,"height":149,"caption":"ALLOGGI SS GIOVANNI E PAOLO"},"image":{"@id":"https:\/\/giovanniepaolo.it\/es\/#\/schema\/logo\/image\/"}}]}},"_links":{"self":[{"href":"https:\/\/giovanniepaolo.it\/es\/wp-json\/wp\/v2\/pages\/1340","targetHints":{"allow":["GET"]}}],"collection":[{"href":"https:\/\/giovanniepaolo.it\/es\/wp-json\/wp\/v2\/pages"}],"about":[{"href":"https:\/\/giovanniepaolo.it\/es\/wp-json\/wp\/v2\/types\/page"}],"author":[{"embeddable":true,"href":"https:\/\/giovanniepaolo.it\/es\/wp-json\/wp\/v2\/users\/1"}],"replies":[{"embeddable":true,"href":"https:\/\/giovanniepaolo.it\/es\/wp-json\/wp\/v2\/comments?post=1340"}],"version-history":[{"count":17,"href":"https:\/\/giovanniepaolo.it\/es\/wp-json\/wp\/v2\/pages\/1340\/revisions"}],"predecessor-version":[{"id":3924,"href":"https:\/\/giovanniepaolo.it\/es\/wp-json\/wp\/v2\/pages\/1340\/revisions\/3924"}],"wp:attachment":[{"href":"https:\/\/giovanniepaolo.it\/es\/wp-json\/wp\/v2\/media?parent=1340"}],"curies":[{"name":"wp","href":"https:\/\/api.w.org\/{rel}","templated":true}]}}